{"id":8,"date":"2025-03-28T22:16:17","date_gmt":"2025-03-28T22:16:17","guid":{"rendered":"https:\/\/ninaecrit.com\/?page_id=8"},"modified":"2025-06-16T17:15:37","modified_gmt":"2025-06-16T17:15:37","slug":"a-propos","status":"publish","type":"page","link":"https:\/\/ninaecrit.com\/index.php\/a-propos\/","title":{"rendered":"A propos"},"content":{"rendered":"\n<div class=\"wp-block-cover aligncenter\" style=\"min-height:500px;aspect-ratio:unset;\"><img loading=\"lazy\" decoding=\"async\" width=\"2560\" height=\"1707\" class=\"wp-block-cover__image-background wp-image-50\" alt=\"\" src=\"https:\/\/ninaecrit.com\/wp-content\/uploads\/2025\/04\/Nina-scaled.jpg\" data-object-fit=\"cover\" srcset=\"https:\/\/ninaecrit.com\/wp-content\/uploads\/2025\/04\/Nina-scaled.jpg 2560w, https:\/\/ninaecrit.com\/wp-content\/uploads\/2025\/04\/Nina-300x200.jpg 300w, https:\/\/ninaecrit.com\/wp-content\/uploads\/2025\/04\/Nina-1024x683.jpg 1024w, https:\/\/ninaecrit.com\/wp-content\/uploads\/2025\/04\/Nina-768x512.jpg 768w, https:\/\/ninaecrit.com\/wp-content\/uploads\/2025\/04\/Nina-1536x1024.jpg 1536w, https:\/\/ninaecrit.com\/wp-content\/uploads\/2025\/04\/Nina-2048x1365.jpg 2048w\" sizes=\"auto, (max-width: 2560px) 100vw, 2560px\" \/><span aria-hidden=\"true\" class=\"wp-block-cover__background has-background-dim-0 has-background-dim\" style=\"background-color:#5b4f3f\"><\/span><div class=\"wp-block-cover__inner-container is-layout-constrained wp-block-cover-is-layout-constrained\">\n<div class=\"wp-block-group is-vertical is-content-justification-center is-layout-flex wp-container-core-group-is-layout-27e8027c wp-block-group-is-layout-flex\" style=\"padding-top:0;padding-right:2.01rem;padding-bottom:0;padding-left:2.01rem\"><\/div>\n<\/div><\/div>\n\n\n\n<div class=\"wp-block-group alignwide is-layout-constrained wp-container-core-group-is-layout-5916d806 wp-block-group-is-layout-constrained\" style=\"padding-top:5rem;padding-right:0;padding-bottom:5rem;padding-left:0\">\n<div class=\"wp-block-columns alignwide are-vertically-aligned-center is-layout-flex wp-container-core-columns-is-layout-8bb48d01 wp-block-columns-is-layout-flex\" style=\"margin-right:0;margin-left:0;padding-right:0;padding-left:0\">\n<div class=\"wp-block-column is-vertically-aligned-center is-layout-flow wp-block-column-is-layout-flow\" style=\"flex-basis:100%\">\n<div class=\"wp-block-group is-layout-constrained wp-container-core-group-is-layout-9df9b23c wp-block-group-is-layout-constrained\" style=\"padding-top:4.51rem;padding-right:0;padding-bottom:4.51rem;padding-left:2.71rem\">\n<h2 class=\"wp-block-heading has-text-align-left has-text-color has-link-color wp-elements-7723f1629330819be45d136c74e1680d\" style=\"color:#000000;font-size:2.5rem;font-style:normal;font-weight:400\">Nina F\u00e9ger<\/h2>\n\n\n\n<p><\/p>\n\n\n\n<p>Je m&rsquo;appelle Nina F\u00e9ger, et je suis une auteure franco-canadienne. J\u2019ai v\u00e9cu en France, puis au Qu\u00e9bec, et maintenant en Colombie-Britannique avec mon conjoint et ma fille. J\u2019aime partager des histoires qui font r\u00eaver et p\u00e9tiller les neurones !<\/p>\n\n\n\n<p><\/p>\n\n\n\n<p class=\"has-text-color has-link-color wp-elements-3878ba73b75c35aa57b75443a0e2242a\" style=\"color:#585858;font-size:18px\">Je cr\u00e9e des livres pleins de fantaisie, mais aussi pens\u00e9s pour aider les parents d&rsquo;enfants bilingues et multilingues \u00e0 transmettre leur langue minoritaire de fa\u00e7on amusante. Mon premier livre, <em><a href=\"https:\/\/ninaecrit.com\/index.php\/super-bilingues\/\">Eva a deux langues, le bilinguisme est un super-pouvoir<\/a>,<\/em> est l\u00e0 pour \u00e7a : encourager les petits \u00e0 ne pas se conformer et \u00e0 r\u00e9aliser que parler une langue minoritaire est une v\u00e9ritable force.<\/p>\n\n\n\n<p class=\"has-text-color has-link-color wp-elements-8082d22aa33047f9c2852ae10ede1c26\" style=\"color:#585858;font-size:18px\">Si tu es l\u00e0, c\u2019est que tu aimes aussi les histoires qui font sourire et r\u00eaver. Bienvenue dans mon univers !<\/p>\n<\/div>\n<\/div>\n<\/div>\n<\/div>\n\n\n\n<div class=\"wp-block-cover alignfull is-light\" style=\"padding-top:120px;padding-bottom:200px\"><img decoding=\"async\" class=\"wp-block-cover__image-background wp-image-198\" alt=\"\" src=\"https:\/\/tyler.com\/wp-content\/themes\/variations\/assets\/images\/call-to-action\/Call-to-action.jpg\" style=\"object-position:51% 50%\" data-object-fit=\"cover\" data-object-position=\"51% 50%\"\/><span aria-hidden=\"true\" class=\"wp-block-cover__background has-background-dim-0 has-background-dim\"><\/span><div class=\"wp-block-cover__inner-container is-layout-constrained wp-block-cover-is-layout-constrained\">\n<div class=\"wp-block-group is-layout-constrained wp-container-core-group-is-layout-ebe15cfa wp-block-group-is-layout-constrained\">\n<div class=\"wp-block-group is-vertical is-content-justification-center is-layout-flex wp-container-core-group-is-layout-df5e5584 wp-block-group-is-layout-flex\" style=\"padding-top:0;padding-right:2.01rem;padding-bottom:0;padding-left:2.01rem\">\n<h2 class=\"wp-block-heading has-text-color\" style=\"color:#2c541d;font-size:2.5rem;font-style:normal;font-weight:500;letter-spacing:2px\">DES QUESTIONS ?<\/h2>\n\n\n\n<p class=\"has-text-align-center has-text-color\" style=\"color:#585858;font-size:1.13rem;font-style:normal;font-weight:400\">Je suis disponible pour discuter de nouveaux projets, d\u2019opportunit\u00e9s cr\u00e9atives et vos commentaires sont les bienvenus.<\/p>\n\n\n\n<div class=\"wp-block-buttons is-content-justification-center is-layout-flex wp-container-core-buttons-is-layout-f9602b72 wp-block-buttons-is-layout-flex\" style=\"margin-top:2.01rem;margin-bottom:2.01rem\">\n<div class=\"wp-block-button is-style-fill\"><a class=\"wp-block-button__link has-text-color has-background has-custom-font-size wp-element-button\" href=\"https:\/\/ninaecrit.com\/index.php\/contact\/\" style=\"border-radius:0px;color:#ffffff;background-color:#74a84a;padding-top:9px;padding-right:40px;padding-bottom:9px;padding-left:40px;font-size:1.13rem;font-style:normal;font-weight:300;letter-spacing:2px;text-transform:uppercase\"><strong>CONTACT<\/strong><\/a><\/div>\n<\/div>\n<\/div>\n<\/div>\n<\/div><\/div>\n","protected":false},"excerpt":{"rendered":"<p>Nina F\u00e9ger Je m&rsquo;appelle Nina F\u00e9ger, et je suis une auteure franco-canadienne. J\u2019ai v\u00e9cu en France, puis au Qu\u00e9bec, et maintenant en Colombie-Britannique avec mon conjoint et ma fille. J\u2019aime partager des histoires qui font r\u00eaver et p\u00e9tiller les neurones ! Je cr\u00e9e des livres pleins de fantaisie, mais aussi pens\u00e9s pour aider les parents [&hellip;]<\/p>\n","protected":false},"author":1,"featured_media":0,"parent":0,"menu_order":0,"comment_status":"closed","ping_status":"closed","template":"","meta":{"footnotes":""},"class_list":["post-8","page","type-page","status-publish","hentry"],"yoast_head":"<!-- This site is optimized with the Yoast SEO plugin v25.2 - https:\/\/yoast.com\/wordpress\/plugins\/seo\/ -->\n<title>A propos -<\/title>\n<meta name=\"robots\" content=\"index, follow, max-snippet:-1, max-image-preview:large, max-video-preview:-1\" \/>\n<link rel=\"canonical\" href=\"https:\/\/ninaecrit.com\/index.php\/a-propos\/\" \/>\n<meta property=\"og:locale\" content=\"fr_FR\" \/>\n<meta property=\"og:type\" content=\"article\" \/>\n<meta property=\"og:title\" content=\"A propos -\" \/>\n<meta property=\"og:description\" content=\"Nina F\u00e9ger Je m&rsquo;appelle Nina F\u00e9ger, et je suis une auteure franco-canadienne. J\u2019ai v\u00e9cu en France, puis au Qu\u00e9bec, et maintenant en Colombie-Britannique avec mon conjoint et ma fille. J\u2019aime partager des histoires qui font r\u00eaver et p\u00e9tiller les neurones ! Je cr\u00e9e des livres pleins de fantaisie, mais aussi pens\u00e9s pour aider les parents [&hellip;]\" \/>\n<meta property=\"og:url\" content=\"https:\/\/ninaecrit.com\/index.php\/a-propos\/\" \/>\n<meta property=\"article:publisher\" content=\"https:\/\/www.facebook.com\/profile.php?id=61576050925082&amp;locale=fr_CA\" \/>\n<meta property=\"article:modified_time\" content=\"2025-06-16T17:15:37+00:00\" \/>\n<meta property=\"og:image\" content=\"https:\/\/ninaecrit.com\/wp-content\/uploads\/2025\/04\/Nina-scaled.jpg\" \/>\n\t<meta property=\"og:image:width\" content=\"2560\" \/>\n\t<meta property=\"og:image:height\" content=\"1707\" \/>\n\t<meta property=\"og:image:type\" content=\"image\/jpeg\" \/>\n<meta name=\"twitter:card\" content=\"summary_large_image\" \/>\n<meta name=\"twitter:label1\" content=\"Dur\u00e9e de lecture estim\u00e9e\" \/>\n\t<meta name=\"twitter:data1\" content=\"2 minutes\" \/>\n<script type=\"application\/ld+json\" class=\"yoast-schema-graph\">{\"@context\":\"https:\/\/schema.org\",\"@graph\":[{\"@type\":\"WebPage\",\"@id\":\"https:\/\/ninaecrit.com\/index.php\/a-propos\/\",\"url\":\"https:\/\/ninaecrit.com\/index.php\/a-propos\/\",\"name\":\"A propos -\",\"isPartOf\":{\"@id\":\"https:\/\/ninaecrit.com\/#website\"},\"primaryImageOfPage\":{\"@id\":\"https:\/\/ninaecrit.com\/index.php\/a-propos\/#primaryimage\"},\"image\":{\"@id\":\"https:\/\/ninaecrit.com\/index.php\/a-propos\/#primaryimage\"},\"thumbnailUrl\":\"https:\/\/ninaecrit.com\/wp-content\/uploads\/2025\/04\/Nina-scaled.jpg\",\"datePublished\":\"2025-03-28T22:16:17+00:00\",\"dateModified\":\"2025-06-16T17:15:37+00:00\",\"breadcrumb\":{\"@id\":\"https:\/\/ninaecrit.com\/index.php\/a-propos\/#breadcrumb\"},\"inLanguage\":\"fr-FR\",\"potentialAction\":[{\"@type\":\"ReadAction\",\"target\":[\"https:\/\/ninaecrit.com\/index.php\/a-propos\/\"]}]},{\"@type\":\"ImageObject\",\"inLanguage\":\"fr-FR\",\"@id\":\"https:\/\/ninaecrit.com\/index.php\/a-propos\/#primaryimage\",\"url\":\"https:\/\/ninaecrit.com\/wp-content\/uploads\/2025\/04\/Nina-scaled.jpg\",\"contentUrl\":\"https:\/\/ninaecrit.com\/wp-content\/uploads\/2025\/04\/Nina-scaled.jpg\",\"width\":2560,\"height\":1707},{\"@type\":\"BreadcrumbList\",\"@id\":\"https:\/\/ninaecrit.com\/index.php\/a-propos\/#breadcrumb\",\"itemListElement\":[{\"@type\":\"ListItem\",\"position\":1,\"name\":\"Accueil\",\"item\":\"https:\/\/ninaecrit.com\/\"},{\"@type\":\"ListItem\",\"position\":2,\"name\":\"A propos\"}]},{\"@type\":\"WebSite\",\"@id\":\"https:\/\/ninaecrit.com\/#website\",\"url\":\"https:\/\/ninaecrit.com\/\",\"name\":\"https:\/\/ninaecrit.com\/\",\"description\":\"Site officiel de Nina F\u00e9ger\",\"publisher\":{\"@id\":\"https:\/\/ninaecrit.com\/#\/schema\/person\/1fb43ea1ae79f37d3f1fb0569ec74f91\"},\"alternateName\":\"ninaecrit\",\"potentialAction\":[{\"@type\":\"SearchAction\",\"target\":{\"@type\":\"EntryPoint\",\"urlTemplate\":\"https:\/\/ninaecrit.com\/?s={search_term_string}\"},\"query-input\":{\"@type\":\"PropertyValueSpecification\",\"valueRequired\":true,\"valueName\":\"search_term_string\"}}],\"inLanguage\":\"fr-FR\"},{\"@type\":[\"Person\",\"Organization\"],\"@id\":\"https:\/\/ninaecrit.com\/#\/schema\/person\/1fb43ea1ae79f37d3f1fb0569ec74f91\",\"name\":\"Nina\",\"image\":{\"@type\":\"ImageObject\",\"inLanguage\":\"fr-FR\",\"@id\":\"https:\/\/ninaecrit.com\/#\/schema\/person\/image\/\",\"url\":\"https:\/\/ninaecrit.com\/wp-content\/uploads\/2025\/04\/logo_NINA_ECRIT.png\",\"contentUrl\":\"https:\/\/ninaecrit.com\/wp-content\/uploads\/2025\/04\/logo_NINA_ECRIT.png\",\"width\":1024,\"height\":1024,\"caption\":\"Nina\"},\"logo\":{\"@id\":\"https:\/\/ninaecrit.com\/#\/schema\/person\/image\/\"},\"description\":\"Je m\u2019appelle Nina F\u00e9ger, et je suis une auteure franco-canadienne. J\u2019ai v\u00e9cu en France, puis au Qu\u00e9bec, et maintenant en Colombie-Britannique avec mon conjoint et ma fille. J\u2019aime partager des histoires qui font r\u00eaver et p\u00e9tiller les neurones ! Je cr\u00e9e des livres pleins de fantaisie, mais aussi pens\u00e9s pour aider les parents d\u2019enfants bilingues et multilingues \u00e0 transmettre leur langue minoritaire de fa\u00e7on amusante. Mon premier livre, Eva \u00e0 deux langues, est l\u00e0 pour \u00e7a : encourager les petits \u00e0 ne pas se conformer et \u00e0 r\u00e9aliser que parler une langue minoritaire est une v\u00e9ritable force. Si tu es l\u00e0, c\u2019est que tu aimes aussi les histoires qui font sourire et r\u00eaver. Bienvenue dans mon univers !\",\"sameAs\":[\"http:\/\/ninaecrit.com\",\"https:\/\/www.facebook.com\/profile.php?id=61576050925082&locale=fr_CA\",\"https:\/\/www.instagram.com\/ninaecrit\/\",\"https:\/\/www.linkedin.com\/in\/nina-feger-34543462\/\",\"https:\/\/www.youtube.com\/@ninaecrit\"]}]}<\/script>\n<!-- \/ Yoast SEO plugin. -->","yoast_head_json":{"title":"A propos -","robots":{"index":"index","follow":"follow","max-snippet":"max-snippet:-1","max-image-preview":"max-image-preview:large","max-video-preview":"max-video-preview:-1"},"canonical":"https:\/\/ninaecrit.com\/index.php\/a-propos\/","og_locale":"fr_FR","og_type":"article","og_title":"A propos -","og_description":"Nina F\u00e9ger Je m&rsquo;appelle Nina F\u00e9ger, et je suis une auteure franco-canadienne. J\u2019ai v\u00e9cu en France, puis au Qu\u00e9bec, et maintenant en Colombie-Britannique avec mon conjoint et ma fille. J\u2019aime partager des histoires qui font r\u00eaver et p\u00e9tiller les neurones ! Je cr\u00e9e des livres pleins de fantaisie, mais aussi pens\u00e9s pour aider les parents [&hellip;]","og_url":"https:\/\/ninaecrit.com\/index.php\/a-propos\/","article_publisher":"https:\/\/www.facebook.com\/profile.php?id=61576050925082&locale=fr_CA","article_modified_time":"2025-06-16T17:15:37+00:00","og_image":[{"width":2560,"height":1707,"url":"https:\/\/ninaecrit.com\/wp-content\/uploads\/2025\/04\/Nina-scaled.jpg","type":"image\/jpeg"}],"twitter_card":"summary_large_image","twitter_misc":{"Dur\u00e9e de lecture estim\u00e9e":"2 minutes"},"schema":{"@context":"https:\/\/schema.org","@graph":[{"@type":"WebPage","@id":"https:\/\/ninaecrit.com\/index.php\/a-propos\/","url":"https:\/\/ninaecrit.com\/index.php\/a-propos\/","name":"A propos -","isPartOf":{"@id":"https:\/\/ninaecrit.com\/#website"},"primaryImageOfPage":{"@id":"https:\/\/ninaecrit.com\/index.php\/a-propos\/#primaryimage"},"image":{"@id":"https:\/\/ninaecrit.com\/index.php\/a-propos\/#primaryimage"},"thumbnailUrl":"https:\/\/ninaecrit.com\/wp-content\/uploads\/2025\/04\/Nina-scaled.jpg","datePublished":"2025-03-28T22:16:17+00:00","dateModified":"2025-06-16T17:15:37+00:00","breadcrumb":{"@id":"https:\/\/ninaecrit.com\/index.php\/a-propos\/#breadcrumb"},"inLanguage":"fr-FR","potentialAction":[{"@type":"ReadAction","target":["https:\/\/ninaecrit.com\/index.php\/a-propos\/"]}]},{"@type":"ImageObject","inLanguage":"fr-FR","@id":"https:\/\/ninaecrit.com\/index.php\/a-propos\/#primaryimage","url":"https:\/\/ninaecrit.com\/wp-content\/uploads\/2025\/04\/Nina-scaled.jpg","contentUrl":"https:\/\/ninaecrit.com\/wp-content\/uploads\/2025\/04\/Nina-scaled.jpg","width":2560,"height":1707},{"@type":"BreadcrumbList","@id":"https:\/\/ninaecrit.com\/index.php\/a-propos\/#breadcrumb","itemListElement":[{"@type":"ListItem","position":1,"name":"Accueil","item":"https:\/\/ninaecrit.com\/"},{"@type":"ListItem","position":2,"name":"A propos"}]},{"@type":"WebSite","@id":"https:\/\/ninaecrit.com\/#website","url":"https:\/\/ninaecrit.com\/","name":"https:\/\/ninaecrit.com\/","description":"Site officiel de Nina F\u00e9ger","publisher":{"@id":"https:\/\/ninaecrit.com\/#\/schema\/person\/1fb43ea1ae79f37d3f1fb0569ec74f91"},"alternateName":"ninaecrit","potentialAction":[{"@type":"SearchAction","target":{"@type":"EntryPoint","urlTemplate":"https:\/\/ninaecrit.com\/?s={search_term_string}"},"query-input":{"@type":"PropertyValueSpecification","valueRequired":true,"valueName":"search_term_string"}}],"inLanguage":"fr-FR"},{"@type":["Person","Organization"],"@id":"https:\/\/ninaecrit.com\/#\/schema\/person\/1fb43ea1ae79f37d3f1fb0569ec74f91","name":"Nina","image":{"@type":"ImageObject","inLanguage":"fr-FR","@id":"https:\/\/ninaecrit.com\/#\/schema\/person\/image\/","url":"https:\/\/ninaecrit.com\/wp-content\/uploads\/2025\/04\/logo_NINA_ECRIT.png","contentUrl":"https:\/\/ninaecrit.com\/wp-content\/uploads\/2025\/04\/logo_NINA_ECRIT.png","width":1024,"height":1024,"caption":"Nina"},"logo":{"@id":"https:\/\/ninaecrit.com\/#\/schema\/person\/image\/"},"description":"Je m\u2019appelle Nina F\u00e9ger, et je suis une auteure franco-canadienne. J\u2019ai v\u00e9cu en France, puis au Qu\u00e9bec, et maintenant en Colombie-Britannique avec mon conjoint et ma fille. J\u2019aime partager des histoires qui font r\u00eaver et p\u00e9tiller les neurones ! Je cr\u00e9e des livres pleins de fantaisie, mais aussi pens\u00e9s pour aider les parents d\u2019enfants bilingues et multilingues \u00e0 transmettre leur langue minoritaire de fa\u00e7on amusante. Mon premier livre, Eva \u00e0 deux langues, est l\u00e0 pour \u00e7a : encourager les petits \u00e0 ne pas se conformer et \u00e0 r\u00e9aliser que parler une langue minoritaire est une v\u00e9ritable force. Si tu es l\u00e0, c\u2019est que tu aimes aussi les histoires qui font sourire et r\u00eaver. Bienvenue dans mon univers !","sameAs":["http:\/\/ninaecrit.com","https:\/\/www.facebook.com\/profile.php?id=61576050925082&locale=fr_CA","https:\/\/www.instagram.com\/ninaecrit\/","https:\/\/www.linkedin.com\/in\/nina-feger-34543462\/","https:\/\/www.youtube.com\/@ninaecrit"]}]}},"_links":{"self":[{"href":"https:\/\/ninaecrit.com\/index.php\/wp-json\/wp\/v2\/pages\/8","targetHints":{"allow":["GET"]}}],"collection":[{"href":"https:\/\/ninaecrit.com\/index.php\/wp-json\/wp\/v2\/pages"}],"about":[{"href":"https:\/\/ninaecrit.com\/index.php\/wp-json\/wp\/v2\/types\/page"}],"author":[{"embeddable":true,"href":"https:\/\/ninaecrit.com\/index.php\/wp-json\/wp\/v2\/users\/1"}],"replies":[{"embeddable":true,"href":"https:\/\/ninaecrit.com\/index.php\/wp-json\/wp\/v2\/comments?post=8"}],"version-history":[{"count":11,"href":"https:\/\/ninaecrit.com\/index.php\/wp-json\/wp\/v2\/pages\/8\/revisions"}],"predecessor-version":[{"id":236,"href":"https:\/\/ninaecrit.com\/index.php\/wp-json\/wp\/v2\/pages\/8\/revisions\/236"}],"wp:attachment":[{"href":"https:\/\/ninaecrit.com\/index.php\/wp-json\/wp\/v2\/media?parent=8"}],"curies":[{"name":"wp","href":"https:\/\/api.w.org\/{rel}","templated":true}]}}