{"id":6,"date":"2025-03-28T22:16:46","date_gmt":"2025-03-28T22:16:46","guid":{"rendered":"https:\/\/ninaecrit.com\/?page_id=6"},"modified":"2025-06-16T17:13:50","modified_gmt":"2025-06-16T17:13:50","slug":"accueil","status":"publish","type":"page","link":"https:\/\/ninaecrit.com\/","title":{"rendered":"Accueil"},"content":{"rendered":"\n<div class=\"wp-block-cover alignfull is-light has-custom-content-position is-position-top-center\" style=\"min-height:482px;aspect-ratio:unset;\"><img decoding=\"async\" class=\"wp-block-cover__image-background wp-image-4302\" alt=\"\" src=\"https:\/\/tyler.com\/wp-content\/uploads\/2023\/10\/Earth-Banner.jpeg\" style=\"object-position:50% 51%\" data-object-fit=\"cover\" data-object-position=\"50% 51%\"\/><span aria-hidden=\"true\" class=\"wp-block-cover__background has-contrast-background-color has-background-dim-0 has-background-dim\"><\/span><div class=\"wp-block-cover__inner-container is-layout-constrained wp-container-core-cover-is-layout-c8431ee3 wp-block-cover-is-layout-constrained\">\n<div style=\"height:40px\" aria-hidden=\"true\" class=\"wp-block-spacer\"><\/div>\n\n\n\n<h2 class=\"wp-block-heading has-text-align-center has-text-color\" style=\"color:#2c541d;font-size:5rem;font-style:normal;font-weight:500;text-transform:uppercase\">Nina ecrit<\/h2>\n\n\n\n<p class=\"has-text-align-center has-text-color\" style=\"color:#000001;margin-top:0;margin-bottom:0;padding-top:0;padding-right:0;padding-bottom:0;padding-left:0;font-size:2rem;font-style:normal;font-weight:300;letter-spacing:0.3rem;text-transform:uppercase\">Des histoires qui font voyager l&rsquo;imagination !<\/p>\n\n\n\n<div class=\"wp-block-buttons is-content-justification-center is-layout-flex wp-container-core-buttons-is-layout-f9602b72 wp-block-buttons-is-layout-flex\" style=\"margin-top:2.01rem;margin-bottom:2.01rem\">\n<div class=\"wp-block-button is-style-fill\"><a class=\"wp-block-button__link has-text-color has-background has-custom-font-size wp-element-button\" href=\"https:\/\/ninaecrit.com\/index.php\/super-bilingues\/\" style=\"border-radius:0px;color:#ffffff;background-color:#74a84a;padding-top:9px;padding-right:40px;padding-bottom:9px;padding-left:40px;font-size:1.13rem;font-style:normal;font-weight:400;letter-spacing:2px;text-transform:uppercase\"><strong>Explore<\/strong><\/a><\/div>\n<\/div>\n\n\n\n<div class=\"wp-block-buttons is-content-justification-center is-layout-flex wp-container-core-buttons-is-layout-a89b3969 wp-block-buttons-is-layout-flex\">\n<div class=\"wp-block-button\"><a class=\"wp-block-button__link has-background wp-element-button\" href=\"https:\/\/ninaecrit.com\/index.php\/ebook-gratuit\/\" style=\"background-color:#74a84a;font-style:normal;font-weight:400\"><strong>EBOOK GRATUIT<\/strong><\/a><\/div>\n<\/div>\n<\/div><\/div>\n\n\n\n<div class=\"wp-block-group is-layout-constrained wp-block-group-is-layout-constrained\">\n<div class=\"wp-block-group is-layout-constrained wp-block-group-is-layout-constrained\"><\/div>\n<\/div>\n\n\n\n<div class=\"wp-block-group is-layout-constrained wp-block-group-is-layout-constrained\">\n<div class=\"wp-block-group is-layout-constrained wp-block-group-is-layout-constrained\">\n<div class=\"wp-block-columns is-layout-flex wp-container-core-columns-is-layout-28f84493 wp-block-columns-is-layout-flex\">\n<div class=\"wp-block-column is-layout-flow wp-block-column-is-layout-flow\" style=\"flex-basis:100%\">\n<p><\/p>\n\n\n\n<h2 class=\"wp-block-heading has-text-align-center has-text-color has-link-color wp-elements-60f92b35633427fb1a7ae53c83979905\" style=\"color:#000000;font-size:2.5rem;font-style:normal;font-weight:400;letter-spacing:2px;text-transform:uppercase\">Bienvenue sur le&nbsp;site officiel de Nina F\u00e9ger<\/h2>\n<\/div>\n<\/div>\n<\/div>\n\n\n\n<p><\/p>\n\n\n\n<p class=\"has-text-align-center has-text-color has-link-color wp-elements-13cbf14b5b4cd0d7f3181f7b992119d5\" style=\"color:#585858;font-size:1.13rem\">D\u00e9couvrez son univers et ses histoires con\u00e7ues pour \u00e9veiller l&rsquo;imaginaire <br>des petits et des grands ! <\/p>\n\n\n\n<p class=\"has-text-align-center has-text-color has-link-color wp-elements-2176971571b64f6775a78aaa10085000\" style=\"color:#585858;font-size:1.13rem\"><br>Nina F\u00e9ger, est une auteure franco-canadienne et maman. \u00c0 travers ses r\u00e9cits, elle souhaite offrir des histoires qui font r\u00eaver, r\u00e9fl\u00e9chir et grandir.<\/p>\n\n\n\n<p class=\"has-text-align-center has-text-color has-link-color wp-elements-b69070cb087feaaceb3d9dc6136c117f\" style=\"color:#585858;font-size:1.13rem\"><br>Sa s\u00e9rie de livres \u00ab\u00a0Les Super-Bilingues\u00a0\u00bb rassemble des histoires pour les enfants bilingues dont le but est de valoriser la langue maternelle.<\/p>\n<\/div>\n\n\n\n<div class=\"wp-block-group alignwide is-layout-constrained wp-container-core-group-is-layout-00663eab wp-block-group-is-layout-constrained\" style=\"padding-top:6rem;padding-bottom:6rem\">\n<div class=\"wp-block-columns alignwide is-layout-flex wp-container-core-columns-is-layout-e121da15 wp-block-columns-is-layout-flex\" style=\"padding-right:2.01rem;padding-left:2.01rem\">\n<div class=\"wp-block-column is-layout-flow wp-container-core-column-is-layout-dc778769 wp-block-column-is-layout-flow\">\n<div class=\"wp-block-group is-vertical is-layout-flex wp-container-core-group-is-layout-634a1b30 wp-block-group-is-layout-flex\">\n<div class=\"wp-block-media-text is-stacked-on-mobile\"><figure class=\"wp-block-media-text__media\"><img loading=\"lazy\" decoding=\"async\" width=\"1024\" height=\"1024\" src=\"http:\/\/ninaecrit.com\/wp-content\/uploads\/2025\/06\/Eva-a-deux-langues-cover_01-1024x1024.jpg\" alt=\"\" class=\"wp-image-224 size-full\" srcset=\"https:\/\/ninaecrit.com\/wp-content\/uploads\/2025\/06\/Eva-a-deux-langues-cover_01-1024x1024.jpg 1024w, https:\/\/ninaecrit.com\/wp-content\/uploads\/2025\/06\/Eva-a-deux-langues-cover_01-300x300.jpg 300w, https:\/\/ninaecrit.com\/wp-content\/uploads\/2025\/06\/Eva-a-deux-langues-cover_01-150x150.jpg 150w, https:\/\/ninaecrit.com\/wp-content\/uploads\/2025\/06\/Eva-a-deux-langues-cover_01-768x768.jpg 768w, https:\/\/ninaecrit.com\/wp-content\/uploads\/2025\/06\/Eva-a-deux-langues-cover_01.jpg 1080w\" sizes=\"auto, (max-width: 1024px) 100vw, 1024px\" \/><\/figure><div class=\"wp-block-media-text__content\">\n<h2 class=\"wp-block-heading\" style=\"font-size:48px\"><a href=\"https:\/\/ninaecrit.com\/index.php\/super-bilingues\/\">Les Super-Bilingues<\/a><\/h2>\n\n\n\n<p>Des histoires qui c\u00e9l\u00e8brent la richesse des langues et la fiert\u00e9 d&rsquo;\u00eatre soi. Elles font p\u00e9tiller les neurones des enfants et les emm\u00e8nent dans des aventures, remplis de le\u00e7ons de vie amusantes et importantes !<\/p>\n<\/div><\/div>\n\n\n\n<p class=\"has-text-color has-link-color wp-elements-468f37266bc16213ff17242d3c11281d\" style=\"color:#585858;font-size:18px\"><\/p>\n<\/div>\n<\/div>\n<\/div>\n<\/div>\n\n\n\n<div class=\"wp-block-cover alignfull is-light\" style=\"padding-top:120px;padding-bottom:200px\"><img decoding=\"async\" class=\"wp-block-cover__image-background wp-image-198\" alt=\"\" src=\"https:\/\/tyler.com\/wp-content\/themes\/variations\/assets\/images\/call-to-action\/Call-to-action.jpg\" style=\"object-position:49% 50%\" data-object-fit=\"cover\" data-object-position=\"49% 50%\"\/><span aria-hidden=\"true\" class=\"wp-block-cover__background has-background-dim-0 has-background-dim\"><\/span><div class=\"wp-block-cover__inner-container is-layout-constrained wp-block-cover-is-layout-constrained\">\n<div class=\"wp-block-group is-layout-constrained wp-container-core-group-is-layout-ebe15cfa wp-block-group-is-layout-constrained\">\n<div class=\"wp-block-group is-vertical is-content-justification-center is-layout-flex wp-container-core-group-is-layout-df5e5584 wp-block-group-is-layout-flex\" style=\"padding-top:0;padding-right:2.01rem;padding-bottom:0;padding-left:2.01rem\">\n<h2 class=\"wp-block-heading has-text-color\" style=\"color:#2c541d;font-size:2.5rem;font-style:normal;font-weight:500;letter-spacing:2px;text-transform:uppercase\">DES QUESTIONS ?<\/h2>\n\n\n\n<p class=\"has-text-align-center has-text-color\" style=\"color:#585858;font-size:1.13rem;font-style:normal;font-weight:400\">Je suis disponible pour discuter de nouveaux projets, d\u2019opportunit\u00e9s cr\u00e9atives et vos commentaires sont les bienvenus.<\/p>\n\n\n\n<div class=\"wp-block-buttons is-content-justification-center is-layout-flex wp-container-core-buttons-is-layout-f9602b72 wp-block-buttons-is-layout-flex\" style=\"margin-top:2.01rem;margin-bottom:2.01rem\">\n<div class=\"wp-block-button is-style-fill\"><a class=\"wp-block-button__link has-text-color has-background has-custom-font-size wp-element-button\" href=\"https:\/\/ninaecrit.com\/index.php\/contact\/\" style=\"border-radius:0px;color:#ffffff;background-color:#74a84a;padding-top:9px;padding-right:40px;padding-bottom:9px;padding-left:40px;font-size:1.13rem;font-style:normal;font-weight:300;letter-spacing:2px;text-transform:uppercase\"><strong>CONTACT<\/strong><\/a><\/div>\n<\/div>\n<\/div>\n<\/div>\n<\/div><\/div>\n","protected":false},"excerpt":{"rendered":"<p>Bienvenue sur le&nbsp;site officiel de Nina F\u00e9ger D\u00e9couvrez son univers et ses histoires con\u00e7ues pour \u00e9veiller l&rsquo;imaginaire des petits et des grands ! Nina F\u00e9ger, est une auteure franco-canadienne et maman. \u00c0 travers ses r\u00e9cits, elle souhaite offrir des histoires qui font r\u00eaver, r\u00e9fl\u00e9chir et grandir. Sa s\u00e9rie de livres \u00ab\u00a0Les Super-Bilingues\u00a0\u00bb rassemble des histoires [&hellip;]<\/p>\n","protected":false},"author":1,"featured_media":0,"parent":0,"menu_order":0,"comment_status":"closed","ping_status":"closed","template":"","meta":{"footnotes":""},"class_list":["post-6","page","type-page","status-publish","hentry"],"yoast_head":"<!-- This site is optimized with the Yoast SEO plugin v25.2 - https:\/\/yoast.com\/wordpress\/plugins\/seo\/ -->\n<title>Accueil -<\/title>\n<meta name=\"description\" content=\"Bienvenue sur le\u00a0site officiel de Nina F\u00e9ger! L&#039;auteur de la s\u00e9rie de livres: Les Super-Bilingues, des livres qui c\u00e9l\u00e8brent le bilinguisme et la richesse des langues.\" \/>\n<meta name=\"robots\" content=\"index, follow, max-snippet:-1, max-image-preview:large, max-video-preview:-1\" \/>\n<link rel=\"canonical\" href=\"https:\/\/ninaecrit.com\/\" \/>\n<meta property=\"og:locale\" content=\"fr_FR\" \/>\n<meta property=\"og:type\" content=\"article\" \/>\n<meta property=\"og:title\" content=\"Accueil -\" \/>\n<meta property=\"og:description\" content=\"Bienvenue sur le\u00a0site officiel de Nina F\u00e9ger! L&#039;auteur de la s\u00e9rie de livres: Les Super-Bilingues, des livres qui c\u00e9l\u00e8brent le bilinguisme et la richesse des langues.\" \/>\n<meta property=\"og:url\" content=\"https:\/\/ninaecrit.com\/\" \/>\n<meta property=\"article:publisher\" content=\"https:\/\/www.facebook.com\/profile.php?id=61576050925082&amp;locale=fr_CA\" \/>\n<meta property=\"article:modified_time\" content=\"2025-06-16T17:13:50+00:00\" \/>\n<meta property=\"og:image\" content=\"https:\/\/ninaecrit.com\/wp-content\/uploads\/2025\/04\/logo_NINA_ECRIT.png\" \/>\n\t<meta property=\"og:image:width\" content=\"1024\" \/>\n\t<meta property=\"og:image:height\" content=\"1024\" \/>\n\t<meta property=\"og:image:type\" content=\"image\/png\" \/>\n<meta name=\"twitter:card\" content=\"summary_large_image\" \/>\n<meta name=\"twitter:label1\" content=\"Dur\u00e9e de lecture estim\u00e9e\" \/>\n\t<meta name=\"twitter:data1\" content=\"2 minutes\" \/>\n<script type=\"application\/ld+json\" class=\"yoast-schema-graph\">{\"@context\":\"https:\/\/schema.org\",\"@graph\":[{\"@type\":\"WebPage\",\"@id\":\"https:\/\/ninaecrit.com\/\",\"url\":\"https:\/\/ninaecrit.com\/\",\"name\":\"Accueil -\",\"isPartOf\":{\"@id\":\"https:\/\/ninaecrit.com\/#website\"},\"primaryImageOfPage\":{\"@id\":\"https:\/\/ninaecrit.com\/#primaryimage\"},\"image\":{\"@id\":\"https:\/\/ninaecrit.com\/#primaryimage\"},\"thumbnailUrl\":\"https:\/\/tyler.com\/wp-content\/uploads\/2023\/10\/Earth-Banner.jpeg\",\"datePublished\":\"2025-03-28T22:16:46+00:00\",\"dateModified\":\"2025-06-16T17:13:50+00:00\",\"description\":\"Bienvenue sur le\u00a0site officiel de Nina F\u00e9ger! L'auteur de la s\u00e9rie de livres: Les Super-Bilingues, des livres qui c\u00e9l\u00e8brent le bilinguisme et la richesse des langues.\",\"breadcrumb\":{\"@id\":\"https:\/\/ninaecrit.com\/#breadcrumb\"},\"inLanguage\":\"fr-FR\",\"potentialAction\":[{\"@type\":\"ReadAction\",\"target\":[\"https:\/\/ninaecrit.com\/\"]}]},{\"@type\":\"ImageObject\",\"inLanguage\":\"fr-FR\",\"@id\":\"https:\/\/ninaecrit.com\/#primaryimage\",\"url\":\"https:\/\/tyler.com\/wp-content\/uploads\/2023\/10\/Earth-Banner.jpeg\",\"contentUrl\":\"https:\/\/tyler.com\/wp-content\/uploads\/2023\/10\/Earth-Banner.jpeg\"},{\"@type\":\"BreadcrumbList\",\"@id\":\"https:\/\/ninaecrit.com\/#breadcrumb\",\"itemListElement\":[{\"@type\":\"ListItem\",\"position\":1,\"name\":\"Accueil\",\"item\":\"https:\/\/ninaecrit.com\/\"},{\"@type\":\"ListItem\",\"position\":2,\"name\":\"Accueil\"}]},{\"@type\":\"WebSite\",\"@id\":\"https:\/\/ninaecrit.com\/#website\",\"url\":\"https:\/\/ninaecrit.com\/\",\"name\":\"https:\/\/ninaecrit.com\/\",\"description\":\"Site officiel de Nina F\u00e9ger\",\"publisher\":{\"@id\":\"https:\/\/ninaecrit.com\/#\/schema\/person\/1fb43ea1ae79f37d3f1fb0569ec74f91\"},\"alternateName\":\"ninaecrit\",\"potentialAction\":[{\"@type\":\"SearchAction\",\"target\":{\"@type\":\"EntryPoint\",\"urlTemplate\":\"https:\/\/ninaecrit.com\/?s={search_term_string}\"},\"query-input\":{\"@type\":\"PropertyValueSpecification\",\"valueRequired\":true,\"valueName\":\"search_term_string\"}}],\"inLanguage\":\"fr-FR\"},{\"@type\":[\"Person\",\"Organization\"],\"@id\":\"https:\/\/ninaecrit.com\/#\/schema\/person\/1fb43ea1ae79f37d3f1fb0569ec74f91\",\"name\":\"Nina\",\"image\":{\"@type\":\"ImageObject\",\"inLanguage\":\"fr-FR\",\"@id\":\"https:\/\/ninaecrit.com\/#\/schema\/person\/image\/\",\"url\":\"https:\/\/ninaecrit.com\/wp-content\/uploads\/2025\/04\/logo_NINA_ECRIT.png\",\"contentUrl\":\"https:\/\/ninaecrit.com\/wp-content\/uploads\/2025\/04\/logo_NINA_ECRIT.png\",\"width\":1024,\"height\":1024,\"caption\":\"Nina\"},\"logo\":{\"@id\":\"https:\/\/ninaecrit.com\/#\/schema\/person\/image\/\"},\"description\":\"Je m\u2019appelle Nina F\u00e9ger, et je suis une auteure franco-canadienne. J\u2019ai v\u00e9cu en France, puis au Qu\u00e9bec, et maintenant en Colombie-Britannique avec mon conjoint et ma fille. J\u2019aime partager des histoires qui font r\u00eaver et p\u00e9tiller les neurones ! Je cr\u00e9e des livres pleins de fantaisie, mais aussi pens\u00e9s pour aider les parents d\u2019enfants bilingues et multilingues \u00e0 transmettre leur langue minoritaire de fa\u00e7on amusante. Mon premier livre, Eva \u00e0 deux langues, est l\u00e0 pour \u00e7a : encourager les petits \u00e0 ne pas se conformer et \u00e0 r\u00e9aliser que parler une langue minoritaire est une v\u00e9ritable force. Si tu es l\u00e0, c\u2019est que tu aimes aussi les histoires qui font sourire et r\u00eaver. Bienvenue dans mon univers !\",\"sameAs\":[\"http:\/\/ninaecrit.com\",\"https:\/\/www.facebook.com\/profile.php?id=61576050925082&locale=fr_CA\",\"https:\/\/www.instagram.com\/ninaecrit\/\",\"https:\/\/www.linkedin.com\/in\/nina-feger-34543462\/\",\"https:\/\/www.youtube.com\/@ninaecrit\"]}]}<\/script>\n<!-- \/ Yoast SEO plugin. -->","yoast_head_json":{"title":"Accueil -","description":"Bienvenue sur le\u00a0site officiel de Nina F\u00e9ger! L'auteur de la s\u00e9rie de livres: Les Super-Bilingues, des livres qui c\u00e9l\u00e8brent le bilinguisme et la richesse des langues.","robots":{"index":"index","follow":"follow","max-snippet":"max-snippet:-1","max-image-preview":"max-image-preview:large","max-video-preview":"max-video-preview:-1"},"canonical":"https:\/\/ninaecrit.com\/","og_locale":"fr_FR","og_type":"article","og_title":"Accueil -","og_description":"Bienvenue sur le\u00a0site officiel de Nina F\u00e9ger! L'auteur de la s\u00e9rie de livres: Les Super-Bilingues, des livres qui c\u00e9l\u00e8brent le bilinguisme et la richesse des langues.","og_url":"https:\/\/ninaecrit.com\/","article_publisher":"https:\/\/www.facebook.com\/profile.php?id=61576050925082&locale=fr_CA","article_modified_time":"2025-06-16T17:13:50+00:00","og_image":[{"width":1024,"height":1024,"url":"https:\/\/ninaecrit.com\/wp-content\/uploads\/2025\/04\/logo_NINA_ECRIT.png","type":"image\/png"}],"twitter_card":"summary_large_image","twitter_misc":{"Dur\u00e9e de lecture estim\u00e9e":"2 minutes"},"schema":{"@context":"https:\/\/schema.org","@graph":[{"@type":"WebPage","@id":"https:\/\/ninaecrit.com\/","url":"https:\/\/ninaecrit.com\/","name":"Accueil -","isPartOf":{"@id":"https:\/\/ninaecrit.com\/#website"},"primaryImageOfPage":{"@id":"https:\/\/ninaecrit.com\/#primaryimage"},"image":{"@id":"https:\/\/ninaecrit.com\/#primaryimage"},"thumbnailUrl":"https:\/\/tyler.com\/wp-content\/uploads\/2023\/10\/Earth-Banner.jpeg","datePublished":"2025-03-28T22:16:46+00:00","dateModified":"2025-06-16T17:13:50+00:00","description":"Bienvenue sur le\u00a0site officiel de Nina F\u00e9ger! L'auteur de la s\u00e9rie de livres: Les Super-Bilingues, des livres qui c\u00e9l\u00e8brent le bilinguisme et la richesse des langues.","breadcrumb":{"@id":"https:\/\/ninaecrit.com\/#breadcrumb"},"inLanguage":"fr-FR","potentialAction":[{"@type":"ReadAction","target":["https:\/\/ninaecrit.com\/"]}]},{"@type":"ImageObject","inLanguage":"fr-FR","@id":"https:\/\/ninaecrit.com\/#primaryimage","url":"https:\/\/tyler.com\/wp-content\/uploads\/2023\/10\/Earth-Banner.jpeg","contentUrl":"https:\/\/tyler.com\/wp-content\/uploads\/2023\/10\/Earth-Banner.jpeg"},{"@type":"BreadcrumbList","@id":"https:\/\/ninaecrit.com\/#breadcrumb","itemListElement":[{"@type":"ListItem","position":1,"name":"Accueil","item":"https:\/\/ninaecrit.com\/"},{"@type":"ListItem","position":2,"name":"Accueil"}]},{"@type":"WebSite","@id":"https:\/\/ninaecrit.com\/#website","url":"https:\/\/ninaecrit.com\/","name":"https:\/\/ninaecrit.com\/","description":"Site officiel de Nina F\u00e9ger","publisher":{"@id":"https:\/\/ninaecrit.com\/#\/schema\/person\/1fb43ea1ae79f37d3f1fb0569ec74f91"},"alternateName":"ninaecrit","potentialAction":[{"@type":"SearchAction","target":{"@type":"EntryPoint","urlTemplate":"https:\/\/ninaecrit.com\/?s={search_term_string}"},"query-input":{"@type":"PropertyValueSpecification","valueRequired":true,"valueName":"search_term_string"}}],"inLanguage":"fr-FR"},{"@type":["Person","Organization"],"@id":"https:\/\/ninaecrit.com\/#\/schema\/person\/1fb43ea1ae79f37d3f1fb0569ec74f91","name":"Nina","image":{"@type":"ImageObject","inLanguage":"fr-FR","@id":"https:\/\/ninaecrit.com\/#\/schema\/person\/image\/","url":"https:\/\/ninaecrit.com\/wp-content\/uploads\/2025\/04\/logo_NINA_ECRIT.png","contentUrl":"https:\/\/ninaecrit.com\/wp-content\/uploads\/2025\/04\/logo_NINA_ECRIT.png","width":1024,"height":1024,"caption":"Nina"},"logo":{"@id":"https:\/\/ninaecrit.com\/#\/schema\/person\/image\/"},"description":"Je m\u2019appelle Nina F\u00e9ger, et je suis une auteure franco-canadienne. J\u2019ai v\u00e9cu en France, puis au Qu\u00e9bec, et maintenant en Colombie-Britannique avec mon conjoint et ma fille. J\u2019aime partager des histoires qui font r\u00eaver et p\u00e9tiller les neurones ! Je cr\u00e9e des livres pleins de fantaisie, mais aussi pens\u00e9s pour aider les parents d\u2019enfants bilingues et multilingues \u00e0 transmettre leur langue minoritaire de fa\u00e7on amusante. Mon premier livre, Eva \u00e0 deux langues, est l\u00e0 pour \u00e7a : encourager les petits \u00e0 ne pas se conformer et \u00e0 r\u00e9aliser que parler une langue minoritaire est une v\u00e9ritable force. Si tu es l\u00e0, c\u2019est que tu aimes aussi les histoires qui font sourire et r\u00eaver. Bienvenue dans mon univers !","sameAs":["http:\/\/ninaecrit.com","https:\/\/www.facebook.com\/profile.php?id=61576050925082&locale=fr_CA","https:\/\/www.instagram.com\/ninaecrit\/","https:\/\/www.linkedin.com\/in\/nina-feger-34543462\/","https:\/\/www.youtube.com\/@ninaecrit"]}]}},"_links":{"self":[{"href":"https:\/\/ninaecrit.com\/index.php\/wp-json\/wp\/v2\/pages\/6","targetHints":{"allow":["GET"]}}],"collection":[{"href":"https:\/\/ninaecrit.com\/index.php\/wp-json\/wp\/v2\/pages"}],"about":[{"href":"https:\/\/ninaecrit.com\/index.php\/wp-json\/wp\/v2\/types\/page"}],"author":[{"embeddable":true,"href":"https:\/\/ninaecrit.com\/index.php\/wp-json\/wp\/v2\/users\/1"}],"replies":[{"embeddable":true,"href":"https:\/\/ninaecrit.com\/index.php\/wp-json\/wp\/v2\/comments?post=6"}],"version-history":[{"count":34,"href":"https:\/\/ninaecrit.com\/index.php\/wp-json\/wp\/v2\/pages\/6\/revisions"}],"predecessor-version":[{"id":234,"href":"https:\/\/ninaecrit.com\/index.php\/wp-json\/wp\/v2\/pages\/6\/revisions\/234"}],"wp:attachment":[{"href":"https:\/\/ninaecrit.com\/index.php\/wp-json\/wp\/v2\/media?parent=6"}],"curies":[{"name":"wp","href":"https:\/\/api.w.org\/{rel}","templated":true}]}}