{"id":150,"date":"2025-05-27T20:59:16","date_gmt":"2025-05-27T20:59:16","guid":{"rendered":"https:\/\/ninaecrit.com\/?page_id=150"},"modified":"2025-06-03T00:59:11","modified_gmt":"2025-06-03T00:59:11","slug":"ebook-gratuit","status":"publish","type":"page","link":"https:\/\/ninaecrit.com\/index.php\/ebook-gratuit\/","title":{"rendered":"Ebook Gratuit"},"content":{"rendered":"\n                <div class=\"ml-embedded\" data-form=\"PZMVeC\"><\/div>\n            \n\n\n\n<figure class=\"wp-block-gallery has-nested-images columns-default is-cropped wp-block-gallery-1 is-layout-flex wp-block-gallery-is-layout-flex\">\n<figure class=\"wp-block-image size-large\"><img loading=\"lazy\" decoding=\"async\" width=\"2048\" height=\"1536\" data-id=\"153\" src=\"https:\/\/ninaecrit.com\/wp-content\/uploads\/2025\/05\/Fleurs_1-edited.jpeg\" alt=\"\" class=\"wp-image-153\" srcset=\"https:\/\/ninaecrit.com\/wp-content\/uploads\/2025\/05\/Fleurs_1-edited.jpeg 2048w, https:\/\/ninaecrit.com\/wp-content\/uploads\/2025\/05\/Fleurs_1-edited-300x225.jpeg 300w, https:\/\/ninaecrit.com\/wp-content\/uploads\/2025\/05\/Fleurs_1-edited-1024x768.jpeg 1024w, https:\/\/ninaecrit.com\/wp-content\/uploads\/2025\/05\/Fleurs_1-edited-768x576.jpeg 768w, https:\/\/ninaecrit.com\/wp-content\/uploads\/2025\/05\/Fleurs_1-edited-1536x1152.jpeg 1536w\" sizes=\"auto, (max-width: 2048px) 100vw, 2048px\" \/><\/figure>\n<\/figure>\n","protected":false},"excerpt":{"rendered":"","protected":false},"author":1,"featured_media":0,"parent":0,"menu_order":0,"comment_status":"closed","ping_status":"closed","template":"","meta":{"footnotes":""},"class_list":["post-150","page","type-page","status-publish","hentry"],"yoast_head":"<!-- This site is optimized with the Yoast SEO plugin v25.2 - https:\/\/yoast.com\/wordpress\/plugins\/seo\/ -->\n<title>Ebook Gratuit -<\/title>\n<meta name=\"robots\" content=\"index, follow, max-snippet:-1, max-image-preview:large, max-video-preview:-1\" \/>\n<link rel=\"canonical\" href=\"https:\/\/ninaecrit.com\/index.php\/ebook-gratuit\/\" \/>\n<meta property=\"og:locale\" content=\"fr_FR\" \/>\n<meta property=\"og:type\" content=\"article\" \/>\n<meta property=\"og:title\" content=\"Ebook Gratuit -\" \/>\n<meta property=\"og:url\" content=\"https:\/\/ninaecrit.com\/index.php\/ebook-gratuit\/\" \/>\n<meta property=\"article:publisher\" content=\"https:\/\/www.facebook.com\/profile.php?id=61576050925082&amp;locale=fr_CA\" \/>\n<meta property=\"article:modified_time\" content=\"2025-06-03T00:59:11+00:00\" \/>\n<meta property=\"og:image\" content=\"https:\/\/ninaecrit.com\/wp-content\/uploads\/2025\/05\/Fleurs_1-edited.jpeg\" \/>\n\t<meta property=\"og:image:width\" content=\"2048\" \/>\n\t<meta property=\"og:image:height\" content=\"1536\" \/>\n\t<meta property=\"og:image:type\" content=\"image\/jpeg\" \/>\n<meta name=\"twitter:card\" content=\"summary_large_image\" \/>\n<script type=\"application\/ld+json\" class=\"yoast-schema-graph\">{\"@context\":\"https:\/\/schema.org\",\"@graph\":[{\"@type\":\"WebPage\",\"@id\":\"https:\/\/ninaecrit.com\/index.php\/ebook-gratuit\/\",\"url\":\"https:\/\/ninaecrit.com\/index.php\/ebook-gratuit\/\",\"name\":\"Ebook Gratuit -\",\"isPartOf\":{\"@id\":\"https:\/\/ninaecrit.com\/#website\"},\"primaryImageOfPage\":{\"@id\":\"https:\/\/ninaecrit.com\/index.php\/ebook-gratuit\/#primaryimage\"},\"image\":{\"@id\":\"https:\/\/ninaecrit.com\/index.php\/ebook-gratuit\/#primaryimage\"},\"thumbnailUrl\":\"https:\/\/ninaecrit.com\/wp-content\/uploads\/2025\/05\/Fleurs_1-edited.jpeg\",\"datePublished\":\"2025-05-27T20:59:16+00:00\",\"dateModified\":\"2025-06-03T00:59:11+00:00\",\"breadcrumb\":{\"@id\":\"https:\/\/ninaecrit.com\/index.php\/ebook-gratuit\/#breadcrumb\"},\"inLanguage\":\"fr-FR\",\"potentialAction\":[{\"@type\":\"ReadAction\",\"target\":[\"https:\/\/ninaecrit.com\/index.php\/ebook-gratuit\/\"]}]},{\"@type\":\"ImageObject\",\"inLanguage\":\"fr-FR\",\"@id\":\"https:\/\/ninaecrit.com\/index.php\/ebook-gratuit\/#primaryimage\",\"url\":\"https:\/\/ninaecrit.com\/wp-content\/uploads\/2025\/05\/Fleurs_1-edited.jpeg\",\"contentUrl\":\"https:\/\/ninaecrit.com\/wp-content\/uploads\/2025\/05\/Fleurs_1-edited.jpeg\",\"width\":2048,\"height\":1536},{\"@type\":\"BreadcrumbList\",\"@id\":\"https:\/\/ninaecrit.com\/index.php\/ebook-gratuit\/#breadcrumb\",\"itemListElement\":[{\"@type\":\"ListItem\",\"position\":1,\"name\":\"Accueil\",\"item\":\"https:\/\/ninaecrit.com\/\"},{\"@type\":\"ListItem\",\"position\":2,\"name\":\"Ebook Gratuit\"}]},{\"@type\":\"WebSite\",\"@id\":\"https:\/\/ninaecrit.com\/#website\",\"url\":\"https:\/\/ninaecrit.com\/\",\"name\":\"https:\/\/ninaecrit.com\/\",\"description\":\"Site officiel de Nina F\u00e9ger\",\"publisher\":{\"@id\":\"https:\/\/ninaecrit.com\/#\/schema\/person\/1fb43ea1ae79f37d3f1fb0569ec74f91\"},\"alternateName\":\"ninaecrit\",\"potentialAction\":[{\"@type\":\"SearchAction\",\"target\":{\"@type\":\"EntryPoint\",\"urlTemplate\":\"https:\/\/ninaecrit.com\/?s={search_term_string}\"},\"query-input\":{\"@type\":\"PropertyValueSpecification\",\"valueRequired\":true,\"valueName\":\"search_term_string\"}}],\"inLanguage\":\"fr-FR\"},{\"@type\":[\"Person\",\"Organization\"],\"@id\":\"https:\/\/ninaecrit.com\/#\/schema\/person\/1fb43ea1ae79f37d3f1fb0569ec74f91\",\"name\":\"Nina\",\"image\":{\"@type\":\"ImageObject\",\"inLanguage\":\"fr-FR\",\"@id\":\"https:\/\/ninaecrit.com\/#\/schema\/person\/image\/\",\"url\":\"https:\/\/ninaecrit.com\/wp-content\/uploads\/2025\/04\/logo_NINA_ECRIT.png\",\"contentUrl\":\"https:\/\/ninaecrit.com\/wp-content\/uploads\/2025\/04\/logo_NINA_ECRIT.png\",\"width\":1024,\"height\":1024,\"caption\":\"Nina\"},\"logo\":{\"@id\":\"https:\/\/ninaecrit.com\/#\/schema\/person\/image\/\"},\"description\":\"Je m\u2019appelle Nina F\u00e9ger, et je suis une auteure franco-canadienne. J\u2019ai v\u00e9cu en France, puis au Qu\u00e9bec, et maintenant en Colombie-Britannique avec mon conjoint et ma fille. J\u2019aime partager des histoires qui font r\u00eaver et p\u00e9tiller les neurones ! Je cr\u00e9e des livres pleins de fantaisie, mais aussi pens\u00e9s pour aider les parents d\u2019enfants bilingues et multilingues \u00e0 transmettre leur langue minoritaire de fa\u00e7on amusante. Mon premier livre, Eva \u00e0 deux langues, est l\u00e0 pour \u00e7a : encourager les petits \u00e0 ne pas se conformer et \u00e0 r\u00e9aliser que parler une langue minoritaire est une v\u00e9ritable force. Si tu es l\u00e0, c\u2019est que tu aimes aussi les histoires qui font sourire et r\u00eaver. Bienvenue dans mon univers !\",\"sameAs\":[\"http:\/\/ninaecrit.com\",\"https:\/\/www.facebook.com\/profile.php?id=61576050925082&locale=fr_CA\",\"https:\/\/www.instagram.com\/ninaecrit\/\",\"https:\/\/www.linkedin.com\/in\/nina-feger-34543462\/\",\"https:\/\/www.youtube.com\/@ninaecrit\"]}]}<\/script>\n<!-- \/ Yoast SEO plugin. -->","yoast_head_json":{"title":"Ebook Gratuit -","robots":{"index":"index","follow":"follow","max-snippet":"max-snippet:-1","max-image-preview":"max-image-preview:large","max-video-preview":"max-video-preview:-1"},"canonical":"https:\/\/ninaecrit.com\/index.php\/ebook-gratuit\/","og_locale":"fr_FR","og_type":"article","og_title":"Ebook Gratuit -","og_url":"https:\/\/ninaecrit.com\/index.php\/ebook-gratuit\/","article_publisher":"https:\/\/www.facebook.com\/profile.php?id=61576050925082&locale=fr_CA","article_modified_time":"2025-06-03T00:59:11+00:00","og_image":[{"width":2048,"height":1536,"url":"https:\/\/ninaecrit.com\/wp-content\/uploads\/2025\/05\/Fleurs_1-edited.jpeg","type":"image\/jpeg"}],"twitter_card":"summary_large_image","schema":{"@context":"https:\/\/schema.org","@graph":[{"@type":"WebPage","@id":"https:\/\/ninaecrit.com\/index.php\/ebook-gratuit\/","url":"https:\/\/ninaecrit.com\/index.php\/ebook-gratuit\/","name":"Ebook Gratuit -","isPartOf":{"@id":"https:\/\/ninaecrit.com\/#website"},"primaryImageOfPage":{"@id":"https:\/\/ninaecrit.com\/index.php\/ebook-gratuit\/#primaryimage"},"image":{"@id":"https:\/\/ninaecrit.com\/index.php\/ebook-gratuit\/#primaryimage"},"thumbnailUrl":"https:\/\/ninaecrit.com\/wp-content\/uploads\/2025\/05\/Fleurs_1-edited.jpeg","datePublished":"2025-05-27T20:59:16+00:00","dateModified":"2025-06-03T00:59:11+00:00","breadcrumb":{"@id":"https:\/\/ninaecrit.com\/index.php\/ebook-gratuit\/#breadcrumb"},"inLanguage":"fr-FR","potentialAction":[{"@type":"ReadAction","target":["https:\/\/ninaecrit.com\/index.php\/ebook-gratuit\/"]}]},{"@type":"ImageObject","inLanguage":"fr-FR","@id":"https:\/\/ninaecrit.com\/index.php\/ebook-gratuit\/#primaryimage","url":"https:\/\/ninaecrit.com\/wp-content\/uploads\/2025\/05\/Fleurs_1-edited.jpeg","contentUrl":"https:\/\/ninaecrit.com\/wp-content\/uploads\/2025\/05\/Fleurs_1-edited.jpeg","width":2048,"height":1536},{"@type":"BreadcrumbList","@id":"https:\/\/ninaecrit.com\/index.php\/ebook-gratuit\/#breadcrumb","itemListElement":[{"@type":"ListItem","position":1,"name":"Accueil","item":"https:\/\/ninaecrit.com\/"},{"@type":"ListItem","position":2,"name":"Ebook Gratuit"}]},{"@type":"WebSite","@id":"https:\/\/ninaecrit.com\/#website","url":"https:\/\/ninaecrit.com\/","name":"https:\/\/ninaecrit.com\/","description":"Site officiel de Nina F\u00e9ger","publisher":{"@id":"https:\/\/ninaecrit.com\/#\/schema\/person\/1fb43ea1ae79f37d3f1fb0569ec74f91"},"alternateName":"ninaecrit","potentialAction":[{"@type":"SearchAction","target":{"@type":"EntryPoint","urlTemplate":"https:\/\/ninaecrit.com\/?s={search_term_string}"},"query-input":{"@type":"PropertyValueSpecification","valueRequired":true,"valueName":"search_term_string"}}],"inLanguage":"fr-FR"},{"@type":["Person","Organization"],"@id":"https:\/\/ninaecrit.com\/#\/schema\/person\/1fb43ea1ae79f37d3f1fb0569ec74f91","name":"Nina","image":{"@type":"ImageObject","inLanguage":"fr-FR","@id":"https:\/\/ninaecrit.com\/#\/schema\/person\/image\/","url":"https:\/\/ninaecrit.com\/wp-content\/uploads\/2025\/04\/logo_NINA_ECRIT.png","contentUrl":"https:\/\/ninaecrit.com\/wp-content\/uploads\/2025\/04\/logo_NINA_ECRIT.png","width":1024,"height":1024,"caption":"Nina"},"logo":{"@id":"https:\/\/ninaecrit.com\/#\/schema\/person\/image\/"},"description":"Je m\u2019appelle Nina F\u00e9ger, et je suis une auteure franco-canadienne. J\u2019ai v\u00e9cu en France, puis au Qu\u00e9bec, et maintenant en Colombie-Britannique avec mon conjoint et ma fille. J\u2019aime partager des histoires qui font r\u00eaver et p\u00e9tiller les neurones ! Je cr\u00e9e des livres pleins de fantaisie, mais aussi pens\u00e9s pour aider les parents d\u2019enfants bilingues et multilingues \u00e0 transmettre leur langue minoritaire de fa\u00e7on amusante. Mon premier livre, Eva \u00e0 deux langues, est l\u00e0 pour \u00e7a : encourager les petits \u00e0 ne pas se conformer et \u00e0 r\u00e9aliser que parler une langue minoritaire est une v\u00e9ritable force. Si tu es l\u00e0, c\u2019est que tu aimes aussi les histoires qui font sourire et r\u00eaver. Bienvenue dans mon univers !","sameAs":["http:\/\/ninaecrit.com","https:\/\/www.facebook.com\/profile.php?id=61576050925082&locale=fr_CA","https:\/\/www.instagram.com\/ninaecrit\/","https:\/\/www.linkedin.com\/in\/nina-feger-34543462\/","https:\/\/www.youtube.com\/@ninaecrit"]}]}},"_links":{"self":[{"href":"https:\/\/ninaecrit.com\/index.php\/wp-json\/wp\/v2\/pages\/150","targetHints":{"allow":["GET"]}}],"collection":[{"href":"https:\/\/ninaecrit.com\/index.php\/wp-json\/wp\/v2\/pages"}],"about":[{"href":"https:\/\/ninaecrit.com\/index.php\/wp-json\/wp\/v2\/types\/page"}],"author":[{"embeddable":true,"href":"https:\/\/ninaecrit.com\/index.php\/wp-json\/wp\/v2\/users\/1"}],"replies":[{"embeddable":true,"href":"https:\/\/ninaecrit.com\/index.php\/wp-json\/wp\/v2\/comments?post=150"}],"version-history":[{"count":4,"href":"https:\/\/ninaecrit.com\/index.php\/wp-json\/wp\/v2\/pages\/150\/revisions"}],"predecessor-version":[{"id":215,"href":"https:\/\/ninaecrit.com\/index.php\/wp-json\/wp\/v2\/pages\/150\/revisions\/215"}],"wp:attachment":[{"href":"https:\/\/ninaecrit.com\/index.php\/wp-json\/wp\/v2\/media?parent=150"}],"curies":[{"name":"wp","href":"https:\/\/api.w.org\/{rel}","templated":true}]}}