{"id":142,"date":"2025-05-27T18:47:04","date_gmt":"2025-05-27T18:47:04","guid":{"rendered":"https:\/\/ninaecrit.com\/?page_id=142"},"modified":"2025-05-27T18:47:04","modified_gmt":"2025-05-27T18:47:04","slug":"mentions-legales","status":"publish","type":"page","link":"https:\/\/ninaecrit.com\/index.php\/mentions-legales\/","title":{"rendered":"Mentions L\u00e9gales"},"content":{"rendered":"\n<p>Conform\u00e9ment aux dispositions de l&rsquo;article 6 III-1 de la loi n\u00b0 2004-575 du 21 juin 2004 pour la confiance dans l&rsquo;\u00e9conomie num\u00e9rique, je vous informe que le pr\u00e9sent site web <code>https:\/\/ninaecrit.com\/<\/code> est \u00e9dit\u00e9 par :<\/p>\n\n\n\n<p>F\u00e9ger Nina, Auteure ind\u00e9pendante<\/p>\n\n\n\n<p><strong>Adresse contact :<\/strong> 1103-1211 Melville Street, V6E 0A7, Vancouver, BC, Canada<\/p>\n\n\n\n<p><strong>Adresse e-mail de contact :<\/strong> <a href=\"https:\/\/ninaecrit.com\/index.php\/contact\/\">https:\/\/ninaecrit.com\/index.php\/contact\/<\/a><\/p>\n\n\n\n<p>Le pr\u00e9sent site web est h\u00e9berg\u00e9 par : OVH<\/p>\n\n\n\n<p>A<strong>dresse de l&rsquo;h\u00e9bergeur :<\/strong> 1801, avenue McGill College Bureau 800 Montr\u00e9al (Qu\u00e9bec) H3A 2N4 Canada<\/p>\n\n\n\n<p><strong>Propri\u00e9t\u00e9 intellectuelle<\/strong><\/p>\n\n\n\n<p>L&rsquo;ensemble de ce site, y compris le texte, les images, les graphiques, les logos, les ic\u00f4nes, les sons, les logiciels, est la propri\u00e9t\u00e9 de Nina (https:\/\/www.google.com\/search?q=Nina%C3%A9crit.com), sauf mention contraire.<\/p>\n\n\n\n<p>Toute reproduction, repr\u00e9sentation, modification,<sup><\/sup> publication, adaptation de tout ou partie des \u00e9l\u00e9ments du site, quel que soit le moyen ou le proc\u00e9d\u00e9 utilis\u00e9, est interdite, sauf autorisation \u00e9crite pr\u00e9alable de Nina.<\/p>\n\n\n\n<p>Toute exploitation non autoris\u00e9e du site ou de l&rsquo;un quelconque des \u00e9l\u00e9ments qu&rsquo;il contient sera consid\u00e9r\u00e9e comme constitutive d&rsquo;une contrefa\u00e7on et poursuivie conform\u00e9ment aux dispositions des articles L.335-2 et suivants du Code de Propri\u00e9t\u00e9 Intellectuelle.<\/p>\n\n\n\n<p><strong>Donn\u00e9es personnelles et politique de confidentialit\u00e9<\/strong><\/p>\n\n\n\n<p>Je m&rsquo;engage \u00e0 prot\u00e9ger vos donn\u00e9es personnelles. Pour en savoir plus sur la collecte, l&rsquo;utilisation et la protection de vos informations, veuillez consulter ma <strong>[Politique de Confidentialit\u00e9]<\/strong> <a href=\"https:\/\/ninaecrit.com\/index.php\/politique-de-confidentialite\/\">https:\/\/ninaecrit.com\/index.php\/politique-de-confidentialite\/<\/a><\/p>\n\n\n\n<p><strong>Liens hypertextes<\/strong><\/p>\n\n\n\n<p>Le site ninaecrit.com peut contenir des liens hypertextes vers d&rsquo;autres sites. Je ne suis pas responsable du contenu de ces sites externes.<\/p>\n\n\n\n<p><strong>Droit applicable et attribution de juridiction<\/strong><\/p>\n\n\n\n<p>Tout litige en relation avec l&rsquo;utilisation du site ninaecrit.com est soumis au droit fran\u00e7ais. Il est fait attribution exclusive de juridiction aux tribunaux comp\u00e9tents de Vancouver.<\/p>\n\n\n\n<p><strong>Date de derni\u00e8re mise \u00e0 jour :<\/strong> 27 mai 2025<\/p>\n","protected":false},"excerpt":{"rendered":"<p>Conform\u00e9ment aux dispositions de l&rsquo;article 6 III-1 de la loi n\u00b0 2004-575 du 21 juin 2004 pour la confiance dans l&rsquo;\u00e9conomie num\u00e9rique, je vous informe que le pr\u00e9sent site web https:\/\/ninaecrit.com\/ est \u00e9dit\u00e9 par : F\u00e9ger Nina, Auteure ind\u00e9pendante Adresse contact : 1103-1211 Melville Street, V6E 0A7, Vancouver, BC, Canada Adresse e-mail de contact : [&hellip;]<\/p>\n","protected":false},"author":1,"featured_media":0,"parent":0,"menu_order":0,"comment_status":"closed","ping_status":"closed","template":"","meta":{"footnotes":""},"class_list":["post-142","page","type-page","status-publish","hentry"],"yoast_head":"<!-- This site is optimized with the Yoast SEO plugin v25.2 - https:\/\/yoast.com\/wordpress\/plugins\/seo\/ -->\n<title>Mentions L\u00e9gales -<\/title>\n<meta name=\"robots\" content=\"index, follow, max-snippet:-1, max-image-preview:large, max-video-preview:-1\" \/>\n<link rel=\"canonical\" href=\"https:\/\/ninaecrit.com\/index.php\/mentions-legales\/\" \/>\n<meta property=\"og:locale\" content=\"fr_FR\" \/>\n<meta property=\"og:type\" content=\"article\" \/>\n<meta property=\"og:title\" content=\"Mentions L\u00e9gales -\" \/>\n<meta property=\"og:description\" content=\"Conform\u00e9ment aux dispositions de l&rsquo;article 6 III-1 de la loi n\u00b0 2004-575 du 21 juin 2004 pour la confiance dans l&rsquo;\u00e9conomie num\u00e9rique, je vous informe que le pr\u00e9sent site web https:\/\/ninaecrit.com\/ est \u00e9dit\u00e9 par : F\u00e9ger Nina, Auteure ind\u00e9pendante Adresse contact : 1103-1211 Melville Street, V6E 0A7, Vancouver, BC, Canada Adresse e-mail de contact : [&hellip;]\" \/>\n<meta property=\"og:url\" content=\"https:\/\/ninaecrit.com\/index.php\/mentions-legales\/\" \/>\n<meta property=\"article:publisher\" content=\"https:\/\/www.facebook.com\/profile.php?id=61576050925082&amp;locale=fr_CA\" \/>\n<meta property=\"og:image\" content=\"https:\/\/ninaecrit.com\/wp-content\/uploads\/2025\/04\/logo_NINA_ECRIT.png\" \/>\n\t<meta property=\"og:image:width\" content=\"1024\" \/>\n\t<meta property=\"og:image:height\" content=\"1024\" \/>\n\t<meta property=\"og:image:type\" content=\"image\/png\" \/>\n<meta name=\"twitter:card\" content=\"summary_large_image\" \/>\n<meta name=\"twitter:label1\" content=\"Dur\u00e9e de lecture estim\u00e9e\" \/>\n\t<meta name=\"twitter:data1\" content=\"2 minutes\" \/>\n<script type=\"application\/ld+json\" class=\"yoast-schema-graph\">{\"@context\":\"https:\/\/schema.org\",\"@graph\":[{\"@type\":\"WebPage\",\"@id\":\"https:\/\/ninaecrit.com\/index.php\/mentions-legales\/\",\"url\":\"https:\/\/ninaecrit.com\/index.php\/mentions-legales\/\",\"name\":\"Mentions L\u00e9gales -\",\"isPartOf\":{\"@id\":\"https:\/\/ninaecrit.com\/#website\"},\"datePublished\":\"2025-05-27T18:47:04+00:00\",\"breadcrumb\":{\"@id\":\"https:\/\/ninaecrit.com\/index.php\/mentions-legales\/#breadcrumb\"},\"inLanguage\":\"fr-FR\",\"potentialAction\":[{\"@type\":\"ReadAction\",\"target\":[\"https:\/\/ninaecrit.com\/index.php\/mentions-legales\/\"]}]},{\"@type\":\"BreadcrumbList\",\"@id\":\"https:\/\/ninaecrit.com\/index.php\/mentions-legales\/#breadcrumb\",\"itemListElement\":[{\"@type\":\"ListItem\",\"position\":1,\"name\":\"Accueil\",\"item\":\"https:\/\/ninaecrit.com\/\"},{\"@type\":\"ListItem\",\"position\":2,\"name\":\"Mentions L\u00e9gales\"}]},{\"@type\":\"WebSite\",\"@id\":\"https:\/\/ninaecrit.com\/#website\",\"url\":\"https:\/\/ninaecrit.com\/\",\"name\":\"https:\/\/ninaecrit.com\/\",\"description\":\"Site officiel de Nina F\u00e9ger\",\"publisher\":{\"@id\":\"https:\/\/ninaecrit.com\/#\/schema\/person\/1fb43ea1ae79f37d3f1fb0569ec74f91\"},\"alternateName\":\"ninaecrit\",\"potentialAction\":[{\"@type\":\"SearchAction\",\"target\":{\"@type\":\"EntryPoint\",\"urlTemplate\":\"https:\/\/ninaecrit.com\/?s={search_term_string}\"},\"query-input\":{\"@type\":\"PropertyValueSpecification\",\"valueRequired\":true,\"valueName\":\"search_term_string\"}}],\"inLanguage\":\"fr-FR\"},{\"@type\":[\"Person\",\"Organization\"],\"@id\":\"https:\/\/ninaecrit.com\/#\/schema\/person\/1fb43ea1ae79f37d3f1fb0569ec74f91\",\"name\":\"Nina\",\"image\":{\"@type\":\"ImageObject\",\"inLanguage\":\"fr-FR\",\"@id\":\"https:\/\/ninaecrit.com\/#\/schema\/person\/image\/\",\"url\":\"https:\/\/ninaecrit.com\/wp-content\/uploads\/2025\/04\/logo_NINA_ECRIT.png\",\"contentUrl\":\"https:\/\/ninaecrit.com\/wp-content\/uploads\/2025\/04\/logo_NINA_ECRIT.png\",\"width\":1024,\"height\":1024,\"caption\":\"Nina\"},\"logo\":{\"@id\":\"https:\/\/ninaecrit.com\/#\/schema\/person\/image\/\"},\"description\":\"Je m\u2019appelle Nina F\u00e9ger, et je suis une auteure franco-canadienne. J\u2019ai v\u00e9cu en France, puis au Qu\u00e9bec, et maintenant en Colombie-Britannique avec mon conjoint et ma fille. J\u2019aime partager des histoires qui font r\u00eaver et p\u00e9tiller les neurones ! Je cr\u00e9e des livres pleins de fantaisie, mais aussi pens\u00e9s pour aider les parents d\u2019enfants bilingues et multilingues \u00e0 transmettre leur langue minoritaire de fa\u00e7on amusante. Mon premier livre, Eva \u00e0 deux langues, est l\u00e0 pour \u00e7a : encourager les petits \u00e0 ne pas se conformer et \u00e0 r\u00e9aliser que parler une langue minoritaire est une v\u00e9ritable force. Si tu es l\u00e0, c\u2019est que tu aimes aussi les histoires qui font sourire et r\u00eaver. Bienvenue dans mon univers !\",\"sameAs\":[\"http:\/\/ninaecrit.com\",\"https:\/\/www.facebook.com\/profile.php?id=61576050925082&locale=fr_CA\",\"https:\/\/www.instagram.com\/ninaecrit\/\",\"https:\/\/www.linkedin.com\/in\/nina-feger-34543462\/\",\"https:\/\/www.youtube.com\/@ninaecrit\"]}]}<\/script>\n<!-- \/ Yoast SEO plugin. -->","yoast_head_json":{"title":"Mentions L\u00e9gales -","robots":{"index":"index","follow":"follow","max-snippet":"max-snippet:-1","max-image-preview":"max-image-preview:large","max-video-preview":"max-video-preview:-1"},"canonical":"https:\/\/ninaecrit.com\/index.php\/mentions-legales\/","og_locale":"fr_FR","og_type":"article","og_title":"Mentions L\u00e9gales -","og_description":"Conform\u00e9ment aux dispositions de l&rsquo;article 6 III-1 de la loi n\u00b0 2004-575 du 21 juin 2004 pour la confiance dans l&rsquo;\u00e9conomie num\u00e9rique, je vous informe que le pr\u00e9sent site web https:\/\/ninaecrit.com\/ est \u00e9dit\u00e9 par : F\u00e9ger Nina, Auteure ind\u00e9pendante Adresse contact : 1103-1211 Melville Street, V6E 0A7, Vancouver, BC, Canada Adresse e-mail de contact : [&hellip;]","og_url":"https:\/\/ninaecrit.com\/index.php\/mentions-legales\/","article_publisher":"https:\/\/www.facebook.com\/profile.php?id=61576050925082&locale=fr_CA","og_image":[{"width":1024,"height":1024,"url":"https:\/\/ninaecrit.com\/wp-content\/uploads\/2025\/04\/logo_NINA_ECRIT.png","type":"image\/png"}],"twitter_card":"summary_large_image","twitter_misc":{"Dur\u00e9e de lecture estim\u00e9e":"2 minutes"},"schema":{"@context":"https:\/\/schema.org","@graph":[{"@type":"WebPage","@id":"https:\/\/ninaecrit.com\/index.php\/mentions-legales\/","url":"https:\/\/ninaecrit.com\/index.php\/mentions-legales\/","name":"Mentions L\u00e9gales -","isPartOf":{"@id":"https:\/\/ninaecrit.com\/#website"},"datePublished":"2025-05-27T18:47:04+00:00","breadcrumb":{"@id":"https:\/\/ninaecrit.com\/index.php\/mentions-legales\/#breadcrumb"},"inLanguage":"fr-FR","potentialAction":[{"@type":"ReadAction","target":["https:\/\/ninaecrit.com\/index.php\/mentions-legales\/"]}]},{"@type":"BreadcrumbList","@id":"https:\/\/ninaecrit.com\/index.php\/mentions-legales\/#breadcrumb","itemListElement":[{"@type":"ListItem","position":1,"name":"Accueil","item":"https:\/\/ninaecrit.com\/"},{"@type":"ListItem","position":2,"name":"Mentions L\u00e9gales"}]},{"@type":"WebSite","@id":"https:\/\/ninaecrit.com\/#website","url":"https:\/\/ninaecrit.com\/","name":"https:\/\/ninaecrit.com\/","description":"Site officiel de Nina F\u00e9ger","publisher":{"@id":"https:\/\/ninaecrit.com\/#\/schema\/person\/1fb43ea1ae79f37d3f1fb0569ec74f91"},"alternateName":"ninaecrit","potentialAction":[{"@type":"SearchAction","target":{"@type":"EntryPoint","urlTemplate":"https:\/\/ninaecrit.com\/?s={search_term_string}"},"query-input":{"@type":"PropertyValueSpecification","valueRequired":true,"valueName":"search_term_string"}}],"inLanguage":"fr-FR"},{"@type":["Person","Organization"],"@id":"https:\/\/ninaecrit.com\/#\/schema\/person\/1fb43ea1ae79f37d3f1fb0569ec74f91","name":"Nina","image":{"@type":"ImageObject","inLanguage":"fr-FR","@id":"https:\/\/ninaecrit.com\/#\/schema\/person\/image\/","url":"https:\/\/ninaecrit.com\/wp-content\/uploads\/2025\/04\/logo_NINA_ECRIT.png","contentUrl":"https:\/\/ninaecrit.com\/wp-content\/uploads\/2025\/04\/logo_NINA_ECRIT.png","width":1024,"height":1024,"caption":"Nina"},"logo":{"@id":"https:\/\/ninaecrit.com\/#\/schema\/person\/image\/"},"description":"Je m\u2019appelle Nina F\u00e9ger, et je suis une auteure franco-canadienne. J\u2019ai v\u00e9cu en France, puis au Qu\u00e9bec, et maintenant en Colombie-Britannique avec mon conjoint et ma fille. J\u2019aime partager des histoires qui font r\u00eaver et p\u00e9tiller les neurones ! Je cr\u00e9e des livres pleins de fantaisie, mais aussi pens\u00e9s pour aider les parents d\u2019enfants bilingues et multilingues \u00e0 transmettre leur langue minoritaire de fa\u00e7on amusante. Mon premier livre, Eva \u00e0 deux langues, est l\u00e0 pour \u00e7a : encourager les petits \u00e0 ne pas se conformer et \u00e0 r\u00e9aliser que parler une langue minoritaire est une v\u00e9ritable force. Si tu es l\u00e0, c\u2019est que tu aimes aussi les histoires qui font sourire et r\u00eaver. Bienvenue dans mon univers !","sameAs":["http:\/\/ninaecrit.com","https:\/\/www.facebook.com\/profile.php?id=61576050925082&locale=fr_CA","https:\/\/www.instagram.com\/ninaecrit\/","https:\/\/www.linkedin.com\/in\/nina-feger-34543462\/","https:\/\/www.youtube.com\/@ninaecrit"]}]}},"_links":{"self":[{"href":"https:\/\/ninaecrit.com\/index.php\/wp-json\/wp\/v2\/pages\/142","targetHints":{"allow":["GET"]}}],"collection":[{"href":"https:\/\/ninaecrit.com\/index.php\/wp-json\/wp\/v2\/pages"}],"about":[{"href":"https:\/\/ninaecrit.com\/index.php\/wp-json\/wp\/v2\/types\/page"}],"author":[{"embeddable":true,"href":"https:\/\/ninaecrit.com\/index.php\/wp-json\/wp\/v2\/users\/1"}],"replies":[{"embeddable":true,"href":"https:\/\/ninaecrit.com\/index.php\/wp-json\/wp\/v2\/comments?post=142"}],"version-history":[{"count":1,"href":"https:\/\/ninaecrit.com\/index.php\/wp-json\/wp\/v2\/pages\/142\/revisions"}],"predecessor-version":[{"id":143,"href":"https:\/\/ninaecrit.com\/index.php\/wp-json\/wp\/v2\/pages\/142\/revisions\/143"}],"wp:attachment":[{"href":"https:\/\/ninaecrit.com\/index.php\/wp-json\/wp\/v2\/media?parent=142"}],"curies":[{"name":"wp","href":"https:\/\/api.w.org\/{rel}","templated":true}]}}