{"id":130,"date":"2025-05-27T18:15:28","date_gmt":"2025-05-27T18:15:28","guid":{"rendered":"https:\/\/ninaecrit.com\/?page_id=130"},"modified":"2025-05-27T18:15:28","modified_gmt":"2025-05-27T18:15:28","slug":"politique-de-confidentialite","status":"publish","type":"page","link":"https:\/\/ninaecrit.com\/index.php\/politique-de-confidentialite\/","title":{"rendered":"Politique de confidentialit\u00e9"},"content":{"rendered":"\n<h2 class=\"wp-block-heading\">Introduction<\/h2>\n\n\n\n<p>Votre vie priv\u00e9e est d&rsquo;une importance capitale pour moi, Nina (ninaecrit.com). Cette politique de confidentialit\u00e9 explique comment je collecte, utilise, partage et prot\u00e8ge vos informations lorsque vous utilisez mon site web, ninaecrit.com.<\/p>\n\n\n\n<p>Je m&rsquo;engage \u00e0 traiter vos donn\u00e9es personnelles avec transparence et en toute s\u00e9curit\u00e9, conform\u00e9ment aux r\u00e9glementations en vigueur, notamment le R\u00e8glement G\u00e9n\u00e9ral sur la Protection des Donn\u00e9es (RGPD).<\/p>\n\n\n\n<h2 class=\"wp-block-heading\">Commentaires<\/h2>\n\n\n\n<p>Quand vous laissez un commentaire sur notre site, les donn\u00e9es inscrites dans le formulaire de commentaire, ainsi que votre adresse IP et l\u2019agent utilisateur de votre navigateur sont collect\u00e9s pour nous aider \u00e0 la d\u00e9tection des commentaires ind\u00e9sirables.<\/p>\n\n\n\n<p>Une cha\u00eene anonymis\u00e9e cr\u00e9\u00e9e \u00e0 partir de votre adresse e-mail (\u00e9galement appel\u00e9e hash) peut \u00eatre envoy\u00e9e au service Gravatar pour v\u00e9rifier si vous utilisez ce dernier. Les clauses de confidentialit\u00e9 du service Gravatar sont disponibles ici&nbsp;: https:\/\/automattic.com\/privacy\/. Apr\u00e8s validation de votre commentaire, votre photo de profil sera visible publiquement \u00e0 cot\u00e9 de votre commentaire.<\/p>\n\n\n\n<h2 class=\"wp-block-heading\">Formulaires de contact<\/h2>\n\n\n\n<p>Lorsque vous nous contactez via le formulaire sur ma page \u00ab\u00a0Contact\u00a0\u00bb, je collecte les informations que vous y renseignez, telles que votre nom et votre adresse e-mail, ainsi que le contenu de votre message. <\/p>\n\n\n\n<p><em>But :<\/em> R\u00e9pondre \u00e0 vos demandes et communications. Ces informations ne sont pas utilis\u00e9es \u00e0 des fins de marketing sans votre consentement explicite.<\/p>\n\n\n\n<h2 class=\"wp-block-heading\">Listes de diffusion<\/h2>\n\n\n\n<p>Lorsque vous vous inscrivez \u00e0 ma liste de diffusion via le formulaire \u00ab\u00a0Ebook gratuit\u00a0\u00bb ou d&rsquo;autres formulaires de newsletter, je collecte votre adresse e-mail et, si vous le fournissez, votre pr\u00e9nom.<\/p>\n\n\n\n<p><em>But :<\/em> Vous envoyer mon ebook gratuit \u00ab\u00a0Pourquoi les fleurs sont-elles muettes ?\u00a0\u00bb, ma newsletter (nouvelles publications, informations exclusives, \u00e9v\u00e9nements, etc.), et des mises \u00e0 jour li\u00e9es \u00e0 mon activit\u00e9 d&rsquo;auteure.<\/p>\n\n\n\n<p>J&rsquo;utilise <strong>MailerLite<\/strong> comme service de gestion de ma liste de diffusion. Vos donn\u00e9es sont stock\u00e9es sur leurs serveurs. Vous pouvez consulter leur politique de confidentialit\u00e9 ici : <a href=\"https:\/\/www.mailerlite.com\/legal\/privacy-policy\">https:\/\/www.mailerlite.com\/legal\/privacy-policy<\/a><\/p>\n\n\n\n<p>Vous pouvez vous d\u00e9sinscrire de ma liste de diffusion \u00e0 tout moment en cliquant sur le lien de d\u00e9sinscription pr\u00e9sent dans chaque email que je vous envoie.<\/p>\n\n\n\n<h2 class=\"wp-block-heading\">Cookies<\/h2>\n\n\n\n<p>Mon site utilise des cookies pour am\u00e9liorer votre exp\u00e9rience de navigation. Les cookies sont de petits fichiers texte stock\u00e9s sur votre appareil. Ils peuvent \u00eatre utilis\u00e9s pour retenir vos pr\u00e9f\u00e9rences, analyser le trafic du site ou faciliter la connexion.<\/p>\n\n\n\n<p>Des cookies peuvent \u00eatre d\u00e9finis par des services tiers (ex: MailerLite pour savoir si vous avez d\u00e9j\u00e0 vu un pop-up d&rsquo;inscription, ou des services d&rsquo;analyse comme Google Analytics si vous l&rsquo;utilisez).<\/p>\n\n\n\n<p>Vous pouvez param\u00e9trer votre navigateur pour refuser les cookies ou pour vous alerter lorsqu&rsquo;un cookie est envoy\u00e9. Cependant, certaines fonctionnalit\u00e9s de mon site pourraient ne pas fonctionner correctement sans eux.<br><\/p>\n\n\n\n<p><em>But :<\/em> Assurer le bon fonctionnement du site, m\u00e9moriser vos pr\u00e9f\u00e9rences et analyser l&rsquo;utilisation du site (pour am\u00e9liorer le contenu).<\/p>\n\n\n\n<h2 class=\"wp-block-heading\">Contenu embarqu\u00e9 depuis d\u2019autres sites<\/h2>\n\n\n\n<p>Les articles de ce site peuvent inclure des contenus int\u00e9gr\u00e9s (par exemple des vid\u00e9os, images, articles\u2026). Le contenu int\u00e9gr\u00e9 depuis d\u2019autres sites se comporte de la m\u00eame mani\u00e8re que si le visiteur se rendait sur cet autre site.<\/p>\n\n\n\n<p>Ces sites web pourraient collecter des donn\u00e9es sur vous, utiliser des cookies, embarquer des outils de suivis tiers, suivre vos interactions avec ces contenus embarqu\u00e9s si vous disposez d\u2019un compte connect\u00e9 sur leur site web.<\/p>\n\n\n\n<p><em>But :<\/em> Offrir du contenu multim\u00e9dia enrichi.<\/p>\n\n\n\n<h2 class=\"wp-block-heading\">Utilisation et transmission de vos donn\u00e9es personnelles<\/h2>\n\n\n\n<p>Vos donn\u00e9es personnelles sont trait\u00e9es par Nina (moi-m\u00eame).<br>Je ne partage, ne vends ni ne loue vos informations personnelles \u00e0 des tiers, sauf si cela est n\u00e9cessaire pour le fonctionnement des services mentionn\u00e9s (ex: MailerLite pour l&rsquo;envoi de newsletters) ou si la loi l&rsquo;exige.<\/p>\n\n\n\n<h2 class=\"wp-block-heading\">Dur\u00e9es de stockage de vos donn\u00e9es<\/h2>\n\n\n\n<p>Si vous laissez un commentaire, le commentaire et ses m\u00e9tadonn\u00e9es sont conserv\u00e9s ind\u00e9finiment. Cela permet de reconna\u00eetre et approuver automatiquement les commentaires suivants au lieu de les laisser dans la file de mod\u00e9ration.<\/p>\n\n\n\n<p>Pour les comptes qui s\u2019inscrivent sur notre site (le cas \u00e9ch\u00e9ant), nous stockons \u00e9galement les donn\u00e9es personnelles indiqu\u00e9es dans leur profil. Tous les comptes peuvent voir, modifier ou supprimer leurs informations personnelles \u00e0 tout moment (\u00e0 l\u2019exception de leur identifiant). Les gestionnaires du site peuvent aussi voir et modifier ces informations.<\/p>\n\n\n\n<p>Les donn\u00e9es collect\u00e9es via les formulaires de contact sont conserv\u00e9es le temps n\u00e9cessaire pour traiter votre demande.<\/p>\n\n\n\n<p>Les donn\u00e9es de votre inscription \u00e0 la liste de diffusion sont conserv\u00e9es tant que vous \u00eates abonn\u00e9(e) \u00e0 ma newsletter. Elles sont supprim\u00e9es si vous vous d\u00e9sabonnez.<\/p>\n\n\n\n<h2 class=\"wp-block-heading\">Les droits que vous avez sur vos donn\u00e9es<\/h2>\n\n\n\n<p>Conform\u00e9ment au RGPD, vous disposez des droits suivants concernant vos donn\u00e9es personnelles :<\/p>\n\n\n\n<p><strong>Droit d&rsquo;acc\u00e8s :<\/strong> Vous avez le droit de demander une copie des donn\u00e9es personnelles que je d\u00e9tiens \u00e0 votre sujet.<\/p>\n\n\n\n<p><strong>Droit de rectification :<\/strong> Vous avez le droit de demander la correction de toute donn\u00e9e personnelle inexacte ou incompl\u00e8te.<\/p>\n\n\n\n<p><strong>Droit \u00e0 l&rsquo;effacement (\u00ab\u00a0droit \u00e0 l&rsquo;oubli\u00a0\u00bb) :<\/strong> Vous avez le droit de demander la suppression de vos donn\u00e9es personnelles, dans certaines conditions.<\/p>\n\n\n\n<p><strong>Droit \u00e0 la limitation du traitement :<\/strong> Vous avez le droit de demander la limitation du traitement de vos donn\u00e9es dans certaines conditions.<\/p>\n\n\n\n<p><strong>Droit \u00e0 l&rsquo;effacement (\u00ab\u00a0droit \u00e0 l&rsquo;oubli\u00a0\u00bb) :<\/strong> Vous avez le droit de demander la suppression de vos donn\u00e9es personnelles, dans certaines conditions.<\/p>\n\n\n\n<p><strong>Droit d&rsquo;opposition :<\/strong> Vous avez le droit de vous opposer au traitement de vos donn\u00e9es personnelles, notamment \u00e0 des fins de marketing direct (vous pouvez vous d\u00e9sinscrire de la newsletter \u00e0 tout moment).<\/p>\n\n\n\n<p><strong>Droit \u00e0 la portabilit\u00e9 des donn\u00e9es :<\/strong> Vous avez le droit de recevoir vos donn\u00e9es personnelles dans un format structur\u00e9, couramment utilis\u00e9 et lisible par machine, et de les transmettre \u00e0 un autre responsable du traitement.<\/p>\n\n\n\n<p>Pour exercer l&rsquo;un de ces droits, veuillez me contacter via ma page [Lien vers votre page Contact : <a href=\"https:\/\/ninaecrit.com\/index.php\/contact\/\">https:\/\/ninaecrit.com\/index.php\/contact\/<\/a><\/p>\n\n\n\n<h2 class=\"wp-block-heading\">O\u00f9 vos donn\u00e9es sont envoy\u00e9es<\/h2>\n\n\n\n<p>Les commentaires des visiteurs peuvent \u00eatre v\u00e9rifi\u00e9s \u00e0 l\u2019aide d\u2019un service automatis\u00e9 de d\u00e9tection des ind\u00e9sirables. Vos donn\u00e9es de mailing list sont envoy\u00e9es \u00e0 MailerLite (voir section 1).<\/p>\n\n\n\n<h2 class=\"wp-block-heading\">Modifications de cette politique de confidentialit\u00e9<\/h2>\n\n\n\n<p>Cette politique de confidentialit\u00e9 peut \u00eatre mise \u00e0 jour de temps \u00e0 autre. La version la plus r\u00e9cente sera toujours disponible sur cette page.<\/p>\n\n\n\n<h2 class=\"wp-block-heading\">Me contacter<\/h2>\n\n\n\n<p>Pour toute question concernant cette politique de confidentialit\u00e9 ou le traitement de vos donn\u00e9es personnelles, vous pouvez me contacter via ma page de contact : <a href=\"https:\/\/ninaecrit.com\/index.php\/contact\/\">https:\/\/ninaecrit.com\/index.php\/contact\/<\/a><\/p>\n\n\n\n<p><strong>Date de derni\u00e8re mise \u00e0 jour :<\/strong> 27 mai 2025<\/p>\n","protected":false},"excerpt":{"rendered":"<p>Introduction Votre vie priv\u00e9e est d&rsquo;une importance capitale pour moi, Nina (ninaecrit.com). Cette politique de confidentialit\u00e9 explique comment je collecte, utilise, partage et prot\u00e8ge vos informations lorsque vous utilisez mon site web, ninaecrit.com. Je m&rsquo;engage \u00e0 traiter vos donn\u00e9es personnelles avec transparence et en toute s\u00e9curit\u00e9, conform\u00e9ment aux r\u00e9glementations en vigueur, notamment le R\u00e8glement G\u00e9n\u00e9ral [&hellip;]<\/p>\n","protected":false},"author":1,"featured_media":0,"parent":0,"menu_order":0,"comment_status":"closed","ping_status":"closed","template":"","meta":{"footnotes":""},"class_list":["post-130","page","type-page","status-publish","hentry"],"yoast_head":"<!-- This site is optimized with the Yoast SEO plugin v25.2 - https:\/\/yoast.com\/wordpress\/plugins\/seo\/ -->\n<title>Politique de confidentialit\u00e9 -<\/title>\n<meta name=\"robots\" content=\"index, follow, max-snippet:-1, max-image-preview:large, max-video-preview:-1\" \/>\n<link rel=\"canonical\" href=\"https:\/\/ninaecrit.com\/index.php\/politique-de-confidentialite\/\" \/>\n<meta property=\"og:locale\" content=\"fr_FR\" \/>\n<meta property=\"og:type\" content=\"article\" \/>\n<meta property=\"og:title\" content=\"Politique de confidentialit\u00e9 -\" \/>\n<meta property=\"og:description\" content=\"Introduction Votre vie priv\u00e9e est d&rsquo;une importance capitale pour moi, Nina (ninaecrit.com). Cette politique de confidentialit\u00e9 explique comment je collecte, utilise, partage et prot\u00e8ge vos informations lorsque vous utilisez mon site web, ninaecrit.com. Je m&rsquo;engage \u00e0 traiter vos donn\u00e9es personnelles avec transparence et en toute s\u00e9curit\u00e9, conform\u00e9ment aux r\u00e9glementations en vigueur, notamment le R\u00e8glement G\u00e9n\u00e9ral [&hellip;]\" \/>\n<meta property=\"og:url\" content=\"https:\/\/ninaecrit.com\/index.php\/politique-de-confidentialite\/\" \/>\n<meta property=\"article:publisher\" content=\"https:\/\/www.facebook.com\/profile.php?id=61576050925082&amp;locale=fr_CA\" \/>\n<meta property=\"og:image\" content=\"https:\/\/ninaecrit.com\/wp-content\/uploads\/2025\/04\/logo_NINA_ECRIT.png\" \/>\n\t<meta property=\"og:image:width\" content=\"1024\" \/>\n\t<meta property=\"og:image:height\" content=\"1024\" \/>\n\t<meta property=\"og:image:type\" content=\"image\/png\" \/>\n<meta name=\"twitter:card\" content=\"summary_large_image\" \/>\n<meta name=\"twitter:label1\" content=\"Dur\u00e9e de lecture estim\u00e9e\" \/>\n\t<meta name=\"twitter:data1\" content=\"6 minutes\" \/>\n<script type=\"application\/ld+json\" class=\"yoast-schema-graph\">{\"@context\":\"https:\/\/schema.org\",\"@graph\":[{\"@type\":\"WebPage\",\"@id\":\"https:\/\/ninaecrit.com\/index.php\/politique-de-confidentialite\/\",\"url\":\"https:\/\/ninaecrit.com\/index.php\/politique-de-confidentialite\/\",\"name\":\"Politique de confidentialit\u00e9 -\",\"isPartOf\":{\"@id\":\"https:\/\/ninaecrit.com\/#website\"},\"datePublished\":\"2025-05-27T18:15:28+00:00\",\"breadcrumb\":{\"@id\":\"https:\/\/ninaecrit.com\/index.php\/politique-de-confidentialite\/#breadcrumb\"},\"inLanguage\":\"fr-FR\",\"potentialAction\":[{\"@type\":\"ReadAction\",\"target\":[\"https:\/\/ninaecrit.com\/index.php\/politique-de-confidentialite\/\"]}]},{\"@type\":\"BreadcrumbList\",\"@id\":\"https:\/\/ninaecrit.com\/index.php\/politique-de-confidentialite\/#breadcrumb\",\"itemListElement\":[{\"@type\":\"ListItem\",\"position\":1,\"name\":\"Accueil\",\"item\":\"https:\/\/ninaecrit.com\/\"},{\"@type\":\"ListItem\",\"position\":2,\"name\":\"Politique de confidentialit\u00e9\"}]},{\"@type\":\"WebSite\",\"@id\":\"https:\/\/ninaecrit.com\/#website\",\"url\":\"https:\/\/ninaecrit.com\/\",\"name\":\"https:\/\/ninaecrit.com\/\",\"description\":\"Site officiel de Nina F\u00e9ger\",\"publisher\":{\"@id\":\"https:\/\/ninaecrit.com\/#\/schema\/person\/1fb43ea1ae79f37d3f1fb0569ec74f91\"},\"alternateName\":\"ninaecrit\",\"potentialAction\":[{\"@type\":\"SearchAction\",\"target\":{\"@type\":\"EntryPoint\",\"urlTemplate\":\"https:\/\/ninaecrit.com\/?s={search_term_string}\"},\"query-input\":{\"@type\":\"PropertyValueSpecification\",\"valueRequired\":true,\"valueName\":\"search_term_string\"}}],\"inLanguage\":\"fr-FR\"},{\"@type\":[\"Person\",\"Organization\"],\"@id\":\"https:\/\/ninaecrit.com\/#\/schema\/person\/1fb43ea1ae79f37d3f1fb0569ec74f91\",\"name\":\"Nina\",\"image\":{\"@type\":\"ImageObject\",\"inLanguage\":\"fr-FR\",\"@id\":\"https:\/\/ninaecrit.com\/#\/schema\/person\/image\/\",\"url\":\"https:\/\/ninaecrit.com\/wp-content\/uploads\/2025\/04\/logo_NINA_ECRIT.png\",\"contentUrl\":\"https:\/\/ninaecrit.com\/wp-content\/uploads\/2025\/04\/logo_NINA_ECRIT.png\",\"width\":1024,\"height\":1024,\"caption\":\"Nina\"},\"logo\":{\"@id\":\"https:\/\/ninaecrit.com\/#\/schema\/person\/image\/\"},\"description\":\"Je m\u2019appelle Nina F\u00e9ger, et je suis une auteure franco-canadienne. J\u2019ai v\u00e9cu en France, puis au Qu\u00e9bec, et maintenant en Colombie-Britannique avec mon conjoint et ma fille. J\u2019aime partager des histoires qui font r\u00eaver et p\u00e9tiller les neurones ! Je cr\u00e9e des livres pleins de fantaisie, mais aussi pens\u00e9s pour aider les parents d\u2019enfants bilingues et multilingues \u00e0 transmettre leur langue minoritaire de fa\u00e7on amusante. Mon premier livre, Eva \u00e0 deux langues, est l\u00e0 pour \u00e7a : encourager les petits \u00e0 ne pas se conformer et \u00e0 r\u00e9aliser que parler une langue minoritaire est une v\u00e9ritable force. Si tu es l\u00e0, c\u2019est que tu aimes aussi les histoires qui font sourire et r\u00eaver. Bienvenue dans mon univers !\",\"sameAs\":[\"http:\/\/ninaecrit.com\",\"https:\/\/www.facebook.com\/profile.php?id=61576050925082&locale=fr_CA\",\"https:\/\/www.instagram.com\/ninaecrit\/\",\"https:\/\/www.linkedin.com\/in\/nina-feger-34543462\/\",\"https:\/\/www.youtube.com\/@ninaecrit\"]}]}<\/script>\n<!-- \/ Yoast SEO plugin. -->","yoast_head_json":{"title":"Politique de confidentialit\u00e9 -","robots":{"index":"index","follow":"follow","max-snippet":"max-snippet:-1","max-image-preview":"max-image-preview:large","max-video-preview":"max-video-preview:-1"},"canonical":"https:\/\/ninaecrit.com\/index.php\/politique-de-confidentialite\/","og_locale":"fr_FR","og_type":"article","og_title":"Politique de confidentialit\u00e9 -","og_description":"Introduction Votre vie priv\u00e9e est d&rsquo;une importance capitale pour moi, Nina (ninaecrit.com). Cette politique de confidentialit\u00e9 explique comment je collecte, utilise, partage et prot\u00e8ge vos informations lorsque vous utilisez mon site web, ninaecrit.com. Je m&rsquo;engage \u00e0 traiter vos donn\u00e9es personnelles avec transparence et en toute s\u00e9curit\u00e9, conform\u00e9ment aux r\u00e9glementations en vigueur, notamment le R\u00e8glement G\u00e9n\u00e9ral [&hellip;]","og_url":"https:\/\/ninaecrit.com\/index.php\/politique-de-confidentialite\/","article_publisher":"https:\/\/www.facebook.com\/profile.php?id=61576050925082&locale=fr_CA","og_image":[{"width":1024,"height":1024,"url":"https:\/\/ninaecrit.com\/wp-content\/uploads\/2025\/04\/logo_NINA_ECRIT.png","type":"image\/png"}],"twitter_card":"summary_large_image","twitter_misc":{"Dur\u00e9e de lecture estim\u00e9e":"6 minutes"},"schema":{"@context":"https:\/\/schema.org","@graph":[{"@type":"WebPage","@id":"https:\/\/ninaecrit.com\/index.php\/politique-de-confidentialite\/","url":"https:\/\/ninaecrit.com\/index.php\/politique-de-confidentialite\/","name":"Politique de confidentialit\u00e9 -","isPartOf":{"@id":"https:\/\/ninaecrit.com\/#website"},"datePublished":"2025-05-27T18:15:28+00:00","breadcrumb":{"@id":"https:\/\/ninaecrit.com\/index.php\/politique-de-confidentialite\/#breadcrumb"},"inLanguage":"fr-FR","potentialAction":[{"@type":"ReadAction","target":["https:\/\/ninaecrit.com\/index.php\/politique-de-confidentialite\/"]}]},{"@type":"BreadcrumbList","@id":"https:\/\/ninaecrit.com\/index.php\/politique-de-confidentialite\/#breadcrumb","itemListElement":[{"@type":"ListItem","position":1,"name":"Accueil","item":"https:\/\/ninaecrit.com\/"},{"@type":"ListItem","position":2,"name":"Politique de confidentialit\u00e9"}]},{"@type":"WebSite","@id":"https:\/\/ninaecrit.com\/#website","url":"https:\/\/ninaecrit.com\/","name":"https:\/\/ninaecrit.com\/","description":"Site officiel de Nina F\u00e9ger","publisher":{"@id":"https:\/\/ninaecrit.com\/#\/schema\/person\/1fb43ea1ae79f37d3f1fb0569ec74f91"},"alternateName":"ninaecrit","potentialAction":[{"@type":"SearchAction","target":{"@type":"EntryPoint","urlTemplate":"https:\/\/ninaecrit.com\/?s={search_term_string}"},"query-input":{"@type":"PropertyValueSpecification","valueRequired":true,"valueName":"search_term_string"}}],"inLanguage":"fr-FR"},{"@type":["Person","Organization"],"@id":"https:\/\/ninaecrit.com\/#\/schema\/person\/1fb43ea1ae79f37d3f1fb0569ec74f91","name":"Nina","image":{"@type":"ImageObject","inLanguage":"fr-FR","@id":"https:\/\/ninaecrit.com\/#\/schema\/person\/image\/","url":"https:\/\/ninaecrit.com\/wp-content\/uploads\/2025\/04\/logo_NINA_ECRIT.png","contentUrl":"https:\/\/ninaecrit.com\/wp-content\/uploads\/2025\/04\/logo_NINA_ECRIT.png","width":1024,"height":1024,"caption":"Nina"},"logo":{"@id":"https:\/\/ninaecrit.com\/#\/schema\/person\/image\/"},"description":"Je m\u2019appelle Nina F\u00e9ger, et je suis une auteure franco-canadienne. J\u2019ai v\u00e9cu en France, puis au Qu\u00e9bec, et maintenant en Colombie-Britannique avec mon conjoint et ma fille. J\u2019aime partager des histoires qui font r\u00eaver et p\u00e9tiller les neurones ! Je cr\u00e9e des livres pleins de fantaisie, mais aussi pens\u00e9s pour aider les parents d\u2019enfants bilingues et multilingues \u00e0 transmettre leur langue minoritaire de fa\u00e7on amusante. Mon premier livre, Eva \u00e0 deux langues, est l\u00e0 pour \u00e7a : encourager les petits \u00e0 ne pas se conformer et \u00e0 r\u00e9aliser que parler une langue minoritaire est une v\u00e9ritable force. Si tu es l\u00e0, c\u2019est que tu aimes aussi les histoires qui font sourire et r\u00eaver. Bienvenue dans mon univers !","sameAs":["http:\/\/ninaecrit.com","https:\/\/www.facebook.com\/profile.php?id=61576050925082&locale=fr_CA","https:\/\/www.instagram.com\/ninaecrit\/","https:\/\/www.linkedin.com\/in\/nina-feger-34543462\/","https:\/\/www.youtube.com\/@ninaecrit"]}]}},"_links":{"self":[{"href":"https:\/\/ninaecrit.com\/index.php\/wp-json\/wp\/v2\/pages\/130","targetHints":{"allow":["GET"]}}],"collection":[{"href":"https:\/\/ninaecrit.com\/index.php\/wp-json\/wp\/v2\/pages"}],"about":[{"href":"https:\/\/ninaecrit.com\/index.php\/wp-json\/wp\/v2\/types\/page"}],"author":[{"embeddable":true,"href":"https:\/\/ninaecrit.com\/index.php\/wp-json\/wp\/v2\/users\/1"}],"replies":[{"embeddable":true,"href":"https:\/\/ninaecrit.com\/index.php\/wp-json\/wp\/v2\/comments?post=130"}],"version-history":[{"count":2,"href":"https:\/\/ninaecrit.com\/index.php\/wp-json\/wp\/v2\/pages\/130\/revisions"}],"predecessor-version":[{"id":132,"href":"https:\/\/ninaecrit.com\/index.php\/wp-json\/wp\/v2\/pages\/130\/revisions\/132"}],"wp:attachment":[{"href":"https:\/\/ninaecrit.com\/index.php\/wp-json\/wp\/v2\/media?parent=130"}],"curies":[{"name":"wp","href":"https:\/\/api.w.org\/{rel}","templated":true}]}}