{"id":12,"date":"2025-03-28T22:16:57","date_gmt":"2025-03-28T22:16:57","guid":{"rendered":"https:\/\/ninaecrit.com\/?page_id=12"},"modified":"2025-04-11T17:54:59","modified_gmt":"2025-04-11T17:54:59","slug":"contact","status":"publish","type":"page","link":"https:\/\/ninaecrit.com\/index.php\/contact\/","title":{"rendered":"Contact"},"content":{"rendered":"\n<section class=\"wp-block-group alignfull has-text-color is-layout-constrained wp-container-core-group-is-layout-4252d6ba wp-block-group-is-layout-constrained\" style=\"color:#03081e;margin-top:0px;padding-top:6.51rem;padding-right:1rem;padding-bottom:5.5rem;padding-left:1rem;font-size:1.13rem;font-style:normal;font-weight:400;line-height:1.4\">\n<div class=\"wp-block-group alignfull has-text-color is-layout-constrained wp-container-core-group-is-layout-9f6dfefa wp-block-group-is-layout-constrained\" style=\"color:#252525;margin-top:0px;padding-top:0rem;padding-right:1rem;padding-bottom:0rem;padding-left:1rem;font-size:1.13rem;font-style:normal;font-weight:400;line-height:1.4\">\n<div class=\"wp-block-group alignwide is-layout-constrained wp-block-group-is-layout-constrained\">\n<div class=\"wp-block-group is-layout-constrained wp-block-group-is-layout-constrained\">\n<h2 class=\"wp-block-heading has-text-align-center has-primary-color has-text-color\" style=\"margin-bottom:0.51rem;font-size:2.11rem;font-style:normal;font-weight:500;line-height:1.2\">Discutons d&rsquo;histoires!<\/h2>\n\n\n\n<p class=\"has-text-align-center has-text-color\" style=\"color:#575763;margin-top:0rem;font-size:0.91rem;font-style:normal;font-weight:400;line-height:1.5\">Pour toute question, collaboration ou simplement pour \u00e9changer, <\/p>\n\n\n\n<p class=\"has-text-align-center has-text-color\" style=\"color:#575763;margin-top:0rem;font-size:0.91rem;font-style:normal;font-weight:400;line-height:1.5\">n&rsquo;h\u00e9sitez pas \u00e0 me contacter via le formulaire de contact ci-dessous.<br><\/p>\n\n\n<style id=\"wpforms-css-vars-23-block-15e41f3c-1455-4730-a4dc-f0255477cab8\">\n\t\t\t\t#wpforms-23.wpforms-block-15e41f3c-1455-4730-a4dc-f0255477cab8 {\n\t\t\t\t--wpforms-field-border-radius: 2.5rem;\n--wpforms-field-background-color: #eff9ff;\n--wpforms-field-border-color: #041e5424;\n--wpforms-field-border-color-spare: #041e5424;\n--wpforms-field-text-color: #041d55;\n--wpforms-button-border-radius: 2.5rem;\n--wpforms-button-background-color: #1a4548;\n--wpforms-field-size-input-height: 50px;\n--wpforms-field-size-input-spacing: 20px;\n--wpforms-field-size-font-size: 18px;\n--wpforms-field-size-line-height: 21px;\n--wpforms-field-size-padding-h: 14px;\n--wpforms-field-size-checkbox-size: 18px;\n--wpforms-field-size-sublabel-spacing: 10px;\n--wpforms-field-size-icon-size: 1.25;\n--wpforms-label-size-font-size: 16px;\n--wpforms-label-size-line-height: 19px;\n--wpforms-label-size-sublabel-font-size: 14px;\n--wpforms-label-size-sublabel-line-height: 17px;\n--wpforms-button-size-font-size: 20px;\n--wpforms-button-size-height: 48px;\n--wpforms-button-size-padding-h: 20px;\n--wpforms-button-size-margin-top: 15px;\n\n\t\t\t}\n\t\t\t<\/style><div class=\"wpforms-container wpforms-container-full wpforms-block wpforms-block-15e41f3c-1455-4730-a4dc-f0255477cab8 wpforms-render-modern\" id=\"wpforms-23\"><form id=\"wpforms-form-23\" class=\"wpforms-validate wpforms-form wpforms-ajax-form\" data-formid=\"23\" method=\"post\" enctype=\"multipart\/form-data\" action=\"\/index.php\/wp-json\/wp\/v2\/pages\/12\" data-token=\"2f16053a79a889348f9b41f8d8a067e7\" data-token-time=\"1778592449\"><noscript class=\"wpforms-error-noscript\">Veuillez activer JavaScript dans votre navigateur pour remplir ce formulaire.<\/noscript><div class=\"wpforms-hidden\" id=\"wpforms-error-noscript\">Veuillez activer JavaScript dans votre navigateur pour remplir ce formulaire.<\/div><div class=\"wpforms-field-container\"><div id=\"wpforms-23-field_1-container\" class=\"wpforms-field wpforms-field-name\" data-field-id=\"1\"><label class=\"wpforms-field-label\" for=\"wpforms-23-field_1\">Nom <span class=\"wpforms-required-label\" aria-hidden=\"true\">*<\/span><\/label><input type=\"text\" id=\"wpforms-23-field_1\" class=\"wpforms-field-large wpforms-field-required\" name=\"wpforms[fields][1]\" aria-errormessage=\"wpforms-23-field_1-error\" required><\/div><div id=\"wpforms-23-field_2-container\" class=\"wpforms-field wpforms-field-email\" data-field-id=\"2\"><label class=\"wpforms-field-label\" for=\"wpforms-23-field_2\">Email <span class=\"wpforms-required-label\" aria-hidden=\"true\">*<\/span><\/label><input type=\"email\" id=\"wpforms-23-field_2\" class=\"wpforms-field-large wpforms-field-required\" name=\"wpforms[fields][2]\" spellcheck=\"false\" aria-errormessage=\"wpforms-23-field_2-error\" required><\/div><div id=\"wpforms-23-field_3-container\" class=\"wpforms-field wpforms-field-textarea\" data-field-id=\"3\"><label class=\"wpforms-field-label\" for=\"wpforms-23-field_3\">Message<\/label><textarea id=\"wpforms-23-field_3\" class=\"wpforms-field-medium\" name=\"wpforms[fields][3]\" aria-errormessage=\"wpforms-23-field_3-error\" ><\/textarea><\/div><\/div><!-- .wpforms-field-container --><div class=\"wpforms-submit-container\" ><input type=\"hidden\" name=\"wpforms[id]\" value=\"23\"><input type=\"hidden\" name=\"page_title\" value=\"\"><input type=\"hidden\" name=\"page_url\" value=\"https:\/\/ninaecrit.com\/index.php\/wp-json\/wp\/v2\/pages\/12\"><input type=\"hidden\" name=\"url_referer\" value=\"\"><button type=\"submit\" name=\"wpforms[submit]\" id=\"wpforms-submit-23\" class=\"wpforms-submit\" data-alt-text=\"Sending\u2026\" data-submit-text=\"Envoyer\" aria-live=\"assertive\" value=\"wpforms-submit\">Envoyer<\/button><img loading=\"lazy\" decoding=\"async\" src=\"https:\/\/ninaecrit.com\/wp-content\/plugins\/wpforms-lite\/assets\/images\/submit-spin.svg\" class=\"wpforms-submit-spinner\" style=\"display: none;\" width=\"26\" height=\"26\" alt=\"Chargement en cours\"><\/div><\/form><\/div>  <!-- .wpforms-container --><\/div>\n<\/div>\n<\/div>\n<\/section>\n","protected":false},"excerpt":{"rendered":"<p>Discutons d&rsquo;histoires! Pour toute question, collaboration ou simplement pour \u00e9changer, n&rsquo;h\u00e9sitez pas \u00e0 me contacter via le formulaire de contact ci-dessous.<\/p>\n","protected":false},"author":1,"featured_media":0,"parent":0,"menu_order":0,"comment_status":"closed","ping_status":"closed","template":"","meta":{"footnotes":""},"class_list":["post-12","page","type-page","status-publish","hentry"],"yoast_head":"<!-- This site is optimized with the Yoast SEO plugin v25.2 - https:\/\/yoast.com\/wordpress\/plugins\/seo\/ -->\n<title>Contact -<\/title>\n<meta name=\"robots\" content=\"index, follow, max-snippet:-1, max-image-preview:large, max-video-preview:-1\" \/>\n<link rel=\"canonical\" href=\"https:\/\/ninaecrit.com\/index.php\/contact\/\" \/>\n<meta property=\"og:locale\" content=\"fr_FR\" \/>\n<meta property=\"og:type\" content=\"article\" \/>\n<meta property=\"og:title\" content=\"Contact -\" \/>\n<meta property=\"og:description\" content=\"Discutons d&rsquo;histoires! Pour toute question, collaboration ou simplement pour \u00e9changer, n&rsquo;h\u00e9sitez pas \u00e0 me contacter via le formulaire de contact ci-dessous.\" \/>\n<meta property=\"og:url\" content=\"https:\/\/ninaecrit.com\/index.php\/contact\/\" \/>\n<meta property=\"article:publisher\" content=\"https:\/\/www.facebook.com\/profile.php?id=61576050925082&amp;locale=fr_CA\" \/>\n<meta property=\"article:modified_time\" content=\"2025-04-11T17:54:59+00:00\" \/>\n<meta property=\"og:image\" content=\"https:\/\/ninaecrit.com\/wp-content\/uploads\/2025\/04\/logo_NINA_ECRIT.png\" \/>\n\t<meta property=\"og:image:width\" content=\"1024\" \/>\n\t<meta property=\"og:image:height\" content=\"1024\" \/>\n\t<meta property=\"og:image:type\" content=\"image\/png\" \/>\n<meta name=\"twitter:card\" content=\"summary_large_image\" \/>\n<script type=\"application\/ld+json\" class=\"yoast-schema-graph\">{\"@context\":\"https:\/\/schema.org\",\"@graph\":[{\"@type\":\"WebPage\",\"@id\":\"https:\/\/ninaecrit.com\/index.php\/contact\/\",\"url\":\"https:\/\/ninaecrit.com\/index.php\/contact\/\",\"name\":\"Contact -\",\"isPartOf\":{\"@id\":\"https:\/\/ninaecrit.com\/#website\"},\"datePublished\":\"2025-03-28T22:16:57+00:00\",\"dateModified\":\"2025-04-11T17:54:59+00:00\",\"breadcrumb\":{\"@id\":\"https:\/\/ninaecrit.com\/index.php\/contact\/#breadcrumb\"},\"inLanguage\":\"fr-FR\",\"potentialAction\":[{\"@type\":\"ReadAction\",\"target\":[\"https:\/\/ninaecrit.com\/index.php\/contact\/\"]}]},{\"@type\":\"BreadcrumbList\",\"@id\":\"https:\/\/ninaecrit.com\/index.php\/contact\/#breadcrumb\",\"itemListElement\":[{\"@type\":\"ListItem\",\"position\":1,\"name\":\"Accueil\",\"item\":\"https:\/\/ninaecrit.com\/\"},{\"@type\":\"ListItem\",\"position\":2,\"name\":\"Contact\"}]},{\"@type\":\"WebSite\",\"@id\":\"https:\/\/ninaecrit.com\/#website\",\"url\":\"https:\/\/ninaecrit.com\/\",\"name\":\"https:\/\/ninaecrit.com\/\",\"description\":\"Site officiel de Nina F\u00e9ger\",\"publisher\":{\"@id\":\"https:\/\/ninaecrit.com\/#\/schema\/person\/1fb43ea1ae79f37d3f1fb0569ec74f91\"},\"alternateName\":\"ninaecrit\",\"potentialAction\":[{\"@type\":\"SearchAction\",\"target\":{\"@type\":\"EntryPoint\",\"urlTemplate\":\"https:\/\/ninaecrit.com\/?s={search_term_string}\"},\"query-input\":{\"@type\":\"PropertyValueSpecification\",\"valueRequired\":true,\"valueName\":\"search_term_string\"}}],\"inLanguage\":\"fr-FR\"},{\"@type\":[\"Person\",\"Organization\"],\"@id\":\"https:\/\/ninaecrit.com\/#\/schema\/person\/1fb43ea1ae79f37d3f1fb0569ec74f91\",\"name\":\"Nina\",\"image\":{\"@type\":\"ImageObject\",\"inLanguage\":\"fr-FR\",\"@id\":\"https:\/\/ninaecrit.com\/#\/schema\/person\/image\/\",\"url\":\"https:\/\/ninaecrit.com\/wp-content\/uploads\/2025\/04\/logo_NINA_ECRIT.png\",\"contentUrl\":\"https:\/\/ninaecrit.com\/wp-content\/uploads\/2025\/04\/logo_NINA_ECRIT.png\",\"width\":1024,\"height\":1024,\"caption\":\"Nina\"},\"logo\":{\"@id\":\"https:\/\/ninaecrit.com\/#\/schema\/person\/image\/\"},\"description\":\"Je m\u2019appelle Nina F\u00e9ger, et je suis une auteure franco-canadienne. J\u2019ai v\u00e9cu en France, puis au Qu\u00e9bec, et maintenant en Colombie-Britannique avec mon conjoint et ma fille. J\u2019aime partager des histoires qui font r\u00eaver et p\u00e9tiller les neurones ! Je cr\u00e9e des livres pleins de fantaisie, mais aussi pens\u00e9s pour aider les parents d\u2019enfants bilingues et multilingues \u00e0 transmettre leur langue minoritaire de fa\u00e7on amusante. Mon premier livre, Eva \u00e0 deux langues, est l\u00e0 pour \u00e7a : encourager les petits \u00e0 ne pas se conformer et \u00e0 r\u00e9aliser que parler une langue minoritaire est une v\u00e9ritable force. Si tu es l\u00e0, c\u2019est que tu aimes aussi les histoires qui font sourire et r\u00eaver. Bienvenue dans mon univers !\",\"sameAs\":[\"http:\/\/ninaecrit.com\",\"https:\/\/www.facebook.com\/profile.php?id=61576050925082&locale=fr_CA\",\"https:\/\/www.instagram.com\/ninaecrit\/\",\"https:\/\/www.linkedin.com\/in\/nina-feger-34543462\/\",\"https:\/\/www.youtube.com\/@ninaecrit\"]}]}<\/script>\n<!-- \/ Yoast SEO plugin. -->","yoast_head_json":{"title":"Contact -","robots":{"index":"index","follow":"follow","max-snippet":"max-snippet:-1","max-image-preview":"max-image-preview:large","max-video-preview":"max-video-preview:-1"},"canonical":"https:\/\/ninaecrit.com\/index.php\/contact\/","og_locale":"fr_FR","og_type":"article","og_title":"Contact -","og_description":"Discutons d&rsquo;histoires! Pour toute question, collaboration ou simplement pour \u00e9changer, n&rsquo;h\u00e9sitez pas \u00e0 me contacter via le formulaire de contact ci-dessous.","og_url":"https:\/\/ninaecrit.com\/index.php\/contact\/","article_publisher":"https:\/\/www.facebook.com\/profile.php?id=61576050925082&locale=fr_CA","article_modified_time":"2025-04-11T17:54:59+00:00","og_image":[{"width":1024,"height":1024,"url":"https:\/\/ninaecrit.com\/wp-content\/uploads\/2025\/04\/logo_NINA_ECRIT.png","type":"image\/png"}],"twitter_card":"summary_large_image","schema":{"@context":"https:\/\/schema.org","@graph":[{"@type":"WebPage","@id":"https:\/\/ninaecrit.com\/index.php\/contact\/","url":"https:\/\/ninaecrit.com\/index.php\/contact\/","name":"Contact -","isPartOf":{"@id":"https:\/\/ninaecrit.com\/#website"},"datePublished":"2025-03-28T22:16:57+00:00","dateModified":"2025-04-11T17:54:59+00:00","breadcrumb":{"@id":"https:\/\/ninaecrit.com\/index.php\/contact\/#breadcrumb"},"inLanguage":"fr-FR","potentialAction":[{"@type":"ReadAction","target":["https:\/\/ninaecrit.com\/index.php\/contact\/"]}]},{"@type":"BreadcrumbList","@id":"https:\/\/ninaecrit.com\/index.php\/contact\/#breadcrumb","itemListElement":[{"@type":"ListItem","position":1,"name":"Accueil","item":"https:\/\/ninaecrit.com\/"},{"@type":"ListItem","position":2,"name":"Contact"}]},{"@type":"WebSite","@id":"https:\/\/ninaecrit.com\/#website","url":"https:\/\/ninaecrit.com\/","name":"https:\/\/ninaecrit.com\/","description":"Site officiel de Nina F\u00e9ger","publisher":{"@id":"https:\/\/ninaecrit.com\/#\/schema\/person\/1fb43ea1ae79f37d3f1fb0569ec74f91"},"alternateName":"ninaecrit","potentialAction":[{"@type":"SearchAction","target":{"@type":"EntryPoint","urlTemplate":"https:\/\/ninaecrit.com\/?s={search_term_string}"},"query-input":{"@type":"PropertyValueSpecification","valueRequired":true,"valueName":"search_term_string"}}],"inLanguage":"fr-FR"},{"@type":["Person","Organization"],"@id":"https:\/\/ninaecrit.com\/#\/schema\/person\/1fb43ea1ae79f37d3f1fb0569ec74f91","name":"Nina","image":{"@type":"ImageObject","inLanguage":"fr-FR","@id":"https:\/\/ninaecrit.com\/#\/schema\/person\/image\/","url":"https:\/\/ninaecrit.com\/wp-content\/uploads\/2025\/04\/logo_NINA_ECRIT.png","contentUrl":"https:\/\/ninaecrit.com\/wp-content\/uploads\/2025\/04\/logo_NINA_ECRIT.png","width":1024,"height":1024,"caption":"Nina"},"logo":{"@id":"https:\/\/ninaecrit.com\/#\/schema\/person\/image\/"},"description":"Je m\u2019appelle Nina F\u00e9ger, et je suis une auteure franco-canadienne. J\u2019ai v\u00e9cu en France, puis au Qu\u00e9bec, et maintenant en Colombie-Britannique avec mon conjoint et ma fille. J\u2019aime partager des histoires qui font r\u00eaver et p\u00e9tiller les neurones ! Je cr\u00e9e des livres pleins de fantaisie, mais aussi pens\u00e9s pour aider les parents d\u2019enfants bilingues et multilingues \u00e0 transmettre leur langue minoritaire de fa\u00e7on amusante. Mon premier livre, Eva \u00e0 deux langues, est l\u00e0 pour \u00e7a : encourager les petits \u00e0 ne pas se conformer et \u00e0 r\u00e9aliser que parler une langue minoritaire est une v\u00e9ritable force. Si tu es l\u00e0, c\u2019est que tu aimes aussi les histoires qui font sourire et r\u00eaver. Bienvenue dans mon univers !","sameAs":["http:\/\/ninaecrit.com","https:\/\/www.facebook.com\/profile.php?id=61576050925082&locale=fr_CA","https:\/\/www.instagram.com\/ninaecrit\/","https:\/\/www.linkedin.com\/in\/nina-feger-34543462\/","https:\/\/www.youtube.com\/@ninaecrit"]}]}},"_links":{"self":[{"href":"https:\/\/ninaecrit.com\/index.php\/wp-json\/wp\/v2\/pages\/12","targetHints":{"allow":["GET"]}}],"collection":[{"href":"https:\/\/ninaecrit.com\/index.php\/wp-json\/wp\/v2\/pages"}],"about":[{"href":"https:\/\/ninaecrit.com\/index.php\/wp-json\/wp\/v2\/types\/page"}],"author":[{"embeddable":true,"href":"https:\/\/ninaecrit.com\/index.php\/wp-json\/wp\/v2\/users\/1"}],"replies":[{"embeddable":true,"href":"https:\/\/ninaecrit.com\/index.php\/wp-json\/wp\/v2\/comments?post=12"}],"version-history":[{"count":6,"href":"https:\/\/ninaecrit.com\/index.php\/wp-json\/wp\/v2\/pages\/12\/revisions"}],"predecessor-version":[{"id":106,"href":"https:\/\/ninaecrit.com\/index.php\/wp-json\/wp\/v2\/pages\/12\/revisions\/106"}],"wp:attachment":[{"href":"https:\/\/ninaecrit.com\/index.php\/wp-json\/wp\/v2\/media?parent=12"}],"curies":[{"name":"wp","href":"https:\/\/api.w.org\/{rel}","templated":true}]}}