{"id":10,"date":"2025-03-28T22:17:10","date_gmt":"2025-03-28T22:17:10","guid":{"rendered":"https:\/\/ninaecrit.com\/?page_id=10"},"modified":"2025-06-16T16:50:04","modified_gmt":"2025-06-16T16:50:04","slug":"super-bilingues","status":"publish","type":"page","link":"https:\/\/ninaecrit.com\/index.php\/super-bilingues\/","title":{"rendered":"Livres &#8211; S\u00e9rie: Les Super-Bilingues"},"content":{"rendered":"\n<div class=\"wp-block-group alignwide is-layout-constrained wp-container-core-group-is-layout-bd379bf5 wp-block-group-is-layout-constrained\" style=\"padding-top:5rem;padding-right:0;padding-left:0\">\n<div class=\"wp-block-media-text alignwide is-stacked-on-mobile\" style=\"margin-right:0;margin-left:0;padding-right:0;padding-left:0\"><figure class=\"wp-block-media-text__media\"><img loading=\"lazy\" decoding=\"async\" width=\"1024\" height=\"1024\" src=\"https:\/\/ninaecrit.com\/wp-content\/uploads\/2025\/06\/Eva-a-deux-langues-cover_01-1024x1024.jpg\" alt=\"\" class=\"wp-image-224 size-full\" srcset=\"https:\/\/ninaecrit.com\/wp-content\/uploads\/2025\/06\/Eva-a-deux-langues-cover_01-1024x1024.jpg 1024w, https:\/\/ninaecrit.com\/wp-content\/uploads\/2025\/06\/Eva-a-deux-langues-cover_01-300x300.jpg 300w, https:\/\/ninaecrit.com\/wp-content\/uploads\/2025\/06\/Eva-a-deux-langues-cover_01-150x150.jpg 150w, https:\/\/ninaecrit.com\/wp-content\/uploads\/2025\/06\/Eva-a-deux-langues-cover_01-768x768.jpg 768w, https:\/\/ninaecrit.com\/wp-content\/uploads\/2025\/06\/Eva-a-deux-langues-cover_01.jpg 1080w\" sizes=\"auto, (max-width: 1024px) 100vw, 1024px\" \/><\/figure><div class=\"wp-block-media-text__content\">\n<div class=\"wp-block-group is-content-justification-left is-layout-constrained wp-container-core-group-is-layout-a87cbe1a wp-block-group-is-layout-constrained\" style=\"padding-top:4.51rem;padding-right:2.71rem;padding-bottom:4.51rem;padding-left:0\">\n<h2 class=\"wp-block-heading has-text-align-left has-text-color has-link-color wp-elements-9aa019d2194ff59cc069eef253cd1f53\" style=\"color:#000000;font-size:2.5rem;font-style:normal;font-weight:400;text-transform:none\">Eva a deux langues<\/h2>\n\n\n\n<blockquote class=\"wp-block-quote is-layout-flow wp-block-quote-is-layout-flow\">\n<p>Le bilinguisme est un super-pouvoir<\/p>\n<\/blockquote>\n\n\n\n<p><strong>Eva est une petite crapaude bilingue.<\/strong><br>Elle parle fran\u00e7ais avec sa famille, mais dans sa mare anglophone, elle se sent diff\u00e9rente\u2026 parfois g\u00ean\u00e9e de ne pas parler comme les autres.<\/p>\n\n\n\n<p>Lors d\u2019une rencontre inattendue, Eva va d\u00e9couvrir que parler une langue de plus, c\u2019est bien plus qu\u2019une diff\u00e9rence : c\u2019est une <strong>fiert\u00e9<\/strong>, une <strong>richesse<\/strong>, et m\u00eame\u2026 un super-pouvoir !<\/p>\n\n\n\n<p>Un album tendre et dr\u00f4le pour encourager les enfants \u00e0 ne pas se conformer et \u00e0 r\u00e9aliser que parler une langue minoritaire est un atout.<\/p>\n\n\n\n<p>\ud83c\udf0d <strong>Id\u00e9al pour les enfants de 3 \u00e0 8 ans<\/strong><br>\ud83d\udcac <strong>Parfait pour les familles bilingues ou multiculturelles<\/strong><br>\ud83d\udcd6 <strong>Une lecture \u00e0 partager \u00e0 la maison ou \u00e0 l\u2019\u00e9cole<\/strong><\/p>\n\n\n\n<blockquote class=\"wp-block-quote is-layout-flow wp-block-quote-is-layout-flow\">\n<p class=\"has-text-color has-link-color wp-elements-fe68a1e02574a17f0eb2667e5f2e1977\" style=\"color:#585858;font-size:18px\">Ajoutez-le \u00e0 votre biblioth\u00e8que pour petits lecteurs bilingues !<\/p>\n<\/blockquote>\n<\/div>\n<\/div><\/div>\n<\/div>\n\n\n\n<div class=\"wp-block-columns is-layout-flex wp-container-core-columns-is-layout-28f84493 wp-block-columns-is-layout-flex\">\n<div class=\"wp-block-column is-vertically-aligned-center is-layout-flow wp-block-column-is-layout-flow\" style=\"flex-basis:100%\">\n<div class=\"wp-block-group alignwide is-layout-grid wp-container-core-group-is-layout-40946d8f wp-block-group-is-layout-grid\" style=\"padding-top:5rem;padding-right:0;padding-bottom:5rem;padding-left:0\">\n<div class=\"wp-block-group is-layout-constrained wp-block-group-is-layout-constrained\">\n<div class=\"wp-block-group is-layout-constrained wp-block-group-is-layout-constrained\">\n<div class=\"wp-block-group is-layout-constrained wp-block-group-is-layout-constrained\">\n<div class=\"wp-block-columns is-layout-flex wp-container-core-columns-is-layout-28f84493 wp-block-columns-is-layout-flex\">\n<div class=\"wp-block-column is-layout-flow wp-block-column-is-layout-flow\">\n<p class=\"has-text-align-center\" style=\"line-height:0.8\"><strong>BROCH\u00c9 <\/strong><\/p>\n\n\n\n<p class=\"has-text-align-center\" style=\"line-height:0\">(Disponible sur tous les sites Amazon)<\/p>\n<\/div>\n<\/div>\n<\/div>\n<\/div>\n<\/div>\n\n\n\n<p class=\"has-text-align-center\"><strong>RELI\u00c9<\/strong><\/p>\n\n\n\n<div class=\"wp-block-buttons wp-container-content-69bc4bdf is-content-justification-center is-layout-flex wp-container-core-buttons-is-layout-a89b3969 wp-block-buttons-is-layout-flex\">\n<div class=\"wp-block-button\"><a class=\"wp-block-button__link has-background wp-element-button\" href=\"https:\/\/www.amazon.ca\/dp\/2982340232\" style=\"background-color:#74a84a\" target=\"_blank\" rel=\"noreferrer noopener\"><strong>AMAZON<\/strong><\/a><\/div>\n<\/div>\n\n\n\n<div class=\"wp-block-buttons is-content-justification-center is-layout-flex wp-container-core-buttons-is-layout-a89b3969 wp-block-buttons-is-layout-flex\">\n<div class=\"wp-block-button\"><a class=\"wp-block-button__link has-background wp-element-button\" href=\"https:\/\/www.lulu.com\/shop\/nina-f%C3%A9ger\/eva-%C3%A0-deux-langues\/hardcover\/product-kvk7mqw.html?q=eva+a+deux+langues&amp;page=1&amp;pageSize=4\" style=\"background-color:#74a84a\" target=\"_blank\" rel=\"noreferrer noopener\"><strong>lulu.com<\/strong><\/a><\/div>\n<\/div>\n<\/div>\n\n\n\n<hr class=\"wp-block-separator has-css-opacity is-style-default\"\/>\n\n\n\n<p style=\"font-size:16px\"><\/p>\n\n\n\n<blockquote class=\"wp-block-quote has-text-align-center is-style-large is-layout-flow wp-block-quote-is-layout-flow\" style=\"font-size:16px\">\n<h2 class=\"wp-block-heading has-custom-1-font-size\">\u2b50\ufe0f\u2b50\ufe0f\u2b50\ufe0f\u2b50\ufe0f\u2b50\ufe0f Coup de c\u0153ur \ud83e\udd70<\/h2>\n\n\n\n<p style=\"font-size:16px\">\u00ab\u00a0Je trouve cette histoire adorable! De moments uniques comme le mots melang\u00e9s en plusieures langues ou les questionnements sur l&rsquo;utilit\u00e9 de parler une langue minoritaire sont abord\u00e9s de fa\u00e7on tres r\u00e9ussi aux yeux des enfants (et de sa Maman!). En plus, Les images sont captivantes!!! Vraiment Bon!!!\u00a0\u00bb<\/p>\n<cite>\u2014 Diana<\/cite><\/blockquote>\n\n\n\n<blockquote class=\"wp-block-quote has-text-align-center is-style-large is-layout-flow wp-block-quote-is-layout-flow\" style=\"font-size:16px\">\n<h2 class=\"wp-block-heading has-custom-1-font-size\">\u2b50\ufe0f\u2b50\ufe0f\u2b50\ufe0f\u2b50\ufe0f\u2b50\ufe0f Tr\u00e8s mignon<\/h2>\n\n\n\n<p style=\"font-size:16px\">Mes enfants se sont tellement reconnus dans l&rsquo;histoire! On a ador\u00e9. En tant que Maman qui transmet sa langue maternelle j&rsquo;ai \u00e9t\u00e9 tr\u00e8s \u00e9mue.<\/p>\n<cite>\u2014 Lena<\/cite><\/blockquote>\n\n\n\n<blockquote class=\"wp-block-quote has-text-align-center is-style-large is-layout-flow wp-block-quote-is-layout-flow\" style=\"font-size:16px\">\n<h2 class=\"wp-block-heading has-custom-1-font-size\">\u2b50\ufe0f\u2b50\ufe0f\u2b50\ufe0f\u2b50\ufe0f\u2b50\ufe0f P\u00e9tillant et intelligent<\/h2>\n\n\n\n<p style=\"font-size:16px\">Histoire originale ! Un texte tout p\u00e9tillant et intelligent ! Un vrai plaisir de lecture \u00e0 partager avec les plus jeunes<\/p>\n<cite>\u2014 Zo\u00e9<\/cite><\/blockquote>\n\n\n\n<hr class=\"wp-block-separator has-css-opacity is-style-default\"\/>\n<\/div>\n<\/div>\n\n\n\n<div class=\"wp-block-group is-layout-grid wp-container-core-group-is-layout-478b6e6b wp-block-group-is-layout-grid\">\n<figure class=\"wp-block-image size-large\"><img decoding=\"async\" src=\"https:\/\/ninaecrit.com\/wp-content\/uploads\/2025\/04\/HARDCOVERS_01-1-1024x973.jpg\" alt=\"\" class=\"wp-image-101\"\/><\/figure>\n\n\n\n<figure class=\"wp-block-image size-large\"><img loading=\"lazy\" decoding=\"async\" width=\"1024\" height=\"768\" src=\"http:\/\/ninaecrit.com\/wp-content\/uploads\/2025\/04\/PREVIEW_01-1024x768.jpg\" alt=\"\" class=\"wp-image-94\" srcset=\"https:\/\/ninaecrit.com\/wp-content\/uploads\/2025\/04\/PREVIEW_01-1024x768.jpg 1024w, https:\/\/ninaecrit.com\/wp-content\/uploads\/2025\/04\/PREVIEW_01-300x225.jpg 300w, https:\/\/ninaecrit.com\/wp-content\/uploads\/2025\/04\/PREVIEW_01-768x576.jpg 768w, https:\/\/ninaecrit.com\/wp-content\/uploads\/2025\/04\/PREVIEW_01-1536x1152.jpg 1536w, https:\/\/ninaecrit.com\/wp-content\/uploads\/2025\/04\/PREVIEW_01-2048x1536.jpg 2048w\" sizes=\"auto, (max-width: 1024px) 100vw, 1024px\" \/><\/figure>\n\n\n\n<figure class=\"wp-block-image size-large\"><img loading=\"lazy\" decoding=\"async\" width=\"1024\" height=\"768\" src=\"http:\/\/ninaecrit.com\/wp-content\/uploads\/2025\/04\/PREVIEW_02-1024x768.jpg\" alt=\"\" class=\"wp-image-95\" srcset=\"https:\/\/ninaecrit.com\/wp-content\/uploads\/2025\/04\/PREVIEW_02-1024x768.jpg 1024w, https:\/\/ninaecrit.com\/wp-content\/uploads\/2025\/04\/PREVIEW_02-300x225.jpg 300w, https:\/\/ninaecrit.com\/wp-content\/uploads\/2025\/04\/PREVIEW_02-768x576.jpg 768w, https:\/\/ninaecrit.com\/wp-content\/uploads\/2025\/04\/PREVIEW_02-1536x1152.jpg 1536w, https:\/\/ninaecrit.com\/wp-content\/uploads\/2025\/04\/PREVIEW_02-2048x1536.jpg 2048w\" sizes=\"auto, (max-width: 1024px) 100vw, 1024px\" \/><\/figure>\n<\/div>\n\n\n\n<div class=\"wp-block-cover alignfull is-light\" style=\"padding-top:120px;padding-bottom:200px\"><img decoding=\"async\" class=\"wp-block-cover__image-background wp-image-198\" alt=\"\" src=\"https:\/\/tyler.com\/wp-content\/themes\/variations\/assets\/images\/call-to-action\/Call-to-action.jpg\" style=\"object-position:50% 49%\" data-object-fit=\"cover\" data-object-position=\"50% 49%\"\/><span aria-hidden=\"true\" class=\"wp-block-cover__background has-background-dim-0 has-background-dim\"><\/span><div class=\"wp-block-cover__inner-container is-layout-constrained wp-block-cover-is-layout-constrained\">\n<div class=\"wp-block-group is-layout-constrained wp-container-core-group-is-layout-ebe15cfa wp-block-group-is-layout-constrained\">\n<div class=\"wp-block-group is-vertical is-content-justification-center is-layout-flex wp-container-core-group-is-layout-df5e5584 wp-block-group-is-layout-flex\" style=\"padding-top:0;padding-right:2.01rem;padding-bottom:0;padding-left:2.01rem\">\n<h2 class=\"wp-block-heading has-text-color\" style=\"color:#2c541d;font-size:2.5rem;font-style:normal;font-weight:500;letter-spacing:2px;text-transform:uppercase\">DES QUESTIONS ?<\/h2>\n\n\n\n<p class=\"has-text-align-center has-text-color\" style=\"color:#585858;font-size:1.13rem;font-style:normal;font-weight:400\">Je suis disponible pour discuter de nouveaux projets, d&rsquo;opportunit\u00e9s cr\u00e9atives et vos commentaires sont les bienvenus.<\/p>\n\n\n\n<p class=\"has-text-align-center has-text-color\" style=\"color:#585858;font-size:1.13rem;font-style:normal;font-weight:400\"><\/p>\n\n\n\n<div class=\"wp-block-buttons is-content-justification-center is-layout-flex wp-container-core-buttons-is-layout-f9602b72 wp-block-buttons-is-layout-flex\" style=\"margin-top:2.01rem;margin-bottom:2.01rem\">\n<div class=\"wp-block-button is-style-fill\"><a class=\"wp-block-button__link has-text-color has-background has-custom-font-size wp-element-button\" href=\"https:\/\/ninaecrit.com\/index.php\/contact\/\" style=\"border-radius:0px;color:#ffffff;background-color:#74a84a;padding-top:9px;padding-right:40px;padding-bottom:9px;padding-left:40px;font-size:1.13rem;font-style:normal;font-weight:300;letter-spacing:2px;text-transform:uppercase\"><strong>CONTACT<\/strong><\/a><\/div>\n<\/div>\n<\/div>\n<\/div>\n<\/div><\/div>\n","protected":false},"excerpt":{"rendered":"<p>Je trouve cette histoire adorable! De moments uniques comme le mots melang\u00e9s en plusieures langues ou les questionnements sur l&rsquo;utilit\u00e9 de parler une langue minoritaire sont abord\u00e9s de fa\u00e7on tres r\u00e9ussi aux yeux des enfants (et de sa Maman!). En plus, Les images sont captivantes!!! Vraiment Bon!!!<\/p>\n","protected":false},"author":1,"featured_media":0,"parent":0,"menu_order":0,"comment_status":"closed","ping_status":"closed","template":"","meta":{"footnotes":""},"class_list":["post-10","page","type-page","status-publish","hentry"],"yoast_head":"<!-- This site is optimized with the Yoast SEO plugin v25.2 - https:\/\/yoast.com\/wordpress\/plugins\/seo\/ -->\n<title>Livres - S\u00e9rie: Les Super-Bilingues -<\/title>\n<meta name=\"description\" content=\"Serie de livres les super-bilingues. livres pour enfants qui celebrent la richesse des langues et la fierte de parler plusieurs langues.\" \/>\n<meta name=\"robots\" content=\"index, follow, max-snippet:-1, max-image-preview:large, max-video-preview:-1\" \/>\n<link rel=\"canonical\" href=\"https:\/\/ninaecrit.com\/index.php\/super-bilingues\/\" \/>\n<meta property=\"og:locale\" content=\"fr_FR\" \/>\n<meta property=\"og:type\" content=\"article\" \/>\n<meta property=\"og:title\" content=\"Livres - S\u00e9rie: Les Super-Bilingues -\" \/>\n<meta property=\"og:description\" content=\"Serie de livres les super-bilingues. livres pour enfants qui celebrent la richesse des langues et la fierte de parler plusieurs langues.\" \/>\n<meta property=\"og:url\" content=\"https:\/\/ninaecrit.com\/index.php\/super-bilingues\/\" \/>\n<meta property=\"article:publisher\" content=\"https:\/\/www.facebook.com\/profile.php?id=61576050925082&amp;locale=fr_CA\" \/>\n<meta property=\"article:modified_time\" content=\"2025-06-16T16:50:04+00:00\" \/>\n<meta property=\"og:image\" content=\"https:\/\/ninaecrit.com\/wp-content\/uploads\/2025\/06\/Eva-a-deux-langues-cover_01.jpg\" \/>\n\t<meta property=\"og:image:width\" content=\"1080\" \/>\n\t<meta property=\"og:image:height\" content=\"1080\" \/>\n\t<meta property=\"og:image:type\" content=\"image\/jpeg\" \/>\n<meta name=\"twitter:card\" content=\"summary_large_image\" \/>\n<meta name=\"twitter:label1\" content=\"Dur\u00e9e de lecture estim\u00e9e\" \/>\n\t<meta name=\"twitter:data1\" content=\"2 minutes\" \/>\n<script type=\"application\/ld+json\" class=\"yoast-schema-graph\">{\"@context\":\"https:\/\/schema.org\",\"@graph\":[{\"@type\":\"WebPage\",\"@id\":\"https:\/\/ninaecrit.com\/index.php\/super-bilingues\/\",\"url\":\"https:\/\/ninaecrit.com\/index.php\/super-bilingues\/\",\"name\":\"Livres - S\u00e9rie: Les Super-Bilingues -\",\"isPartOf\":{\"@id\":\"https:\/\/ninaecrit.com\/#website\"},\"primaryImageOfPage\":{\"@id\":\"https:\/\/ninaecrit.com\/index.php\/super-bilingues\/#primaryimage\"},\"image\":{\"@id\":\"https:\/\/ninaecrit.com\/index.php\/super-bilingues\/#primaryimage\"},\"thumbnailUrl\":\"https:\/\/ninaecrit.com\/wp-content\/uploads\/2025\/06\/Eva-a-deux-langues-cover_01-1024x1024.jpg\",\"datePublished\":\"2025-03-28T22:17:10+00:00\",\"dateModified\":\"2025-06-16T16:50:04+00:00\",\"description\":\"Serie de livres les super-bilingues. livres pour enfants qui celebrent la richesse des langues et la fierte de parler plusieurs langues.\",\"breadcrumb\":{\"@id\":\"https:\/\/ninaecrit.com\/index.php\/super-bilingues\/#breadcrumb\"},\"inLanguage\":\"fr-FR\",\"potentialAction\":[{\"@type\":\"ReadAction\",\"target\":[\"https:\/\/ninaecrit.com\/index.php\/super-bilingues\/\"]}]},{\"@type\":\"ImageObject\",\"inLanguage\":\"fr-FR\",\"@id\":\"https:\/\/ninaecrit.com\/index.php\/super-bilingues\/#primaryimage\",\"url\":\"https:\/\/ninaecrit.com\/wp-content\/uploads\/2025\/06\/Eva-a-deux-langues-cover_01.jpg\",\"contentUrl\":\"https:\/\/ninaecrit.com\/wp-content\/uploads\/2025\/06\/Eva-a-deux-langues-cover_01.jpg\",\"width\":1080,\"height\":1080},{\"@type\":\"BreadcrumbList\",\"@id\":\"https:\/\/ninaecrit.com\/index.php\/super-bilingues\/#breadcrumb\",\"itemListElement\":[{\"@type\":\"ListItem\",\"position\":1,\"name\":\"Accueil\",\"item\":\"https:\/\/ninaecrit.com\/\"},{\"@type\":\"ListItem\",\"position\":2,\"name\":\"Livres &#8211; S\u00e9rie: Les Super-Bilingues\"}]},{\"@type\":\"WebSite\",\"@id\":\"https:\/\/ninaecrit.com\/#website\",\"url\":\"https:\/\/ninaecrit.com\/\",\"name\":\"https:\/\/ninaecrit.com\/\",\"description\":\"Site officiel de Nina F\u00e9ger\",\"publisher\":{\"@id\":\"https:\/\/ninaecrit.com\/#\/schema\/person\/1fb43ea1ae79f37d3f1fb0569ec74f91\"},\"alternateName\":\"ninaecrit\",\"potentialAction\":[{\"@type\":\"SearchAction\",\"target\":{\"@type\":\"EntryPoint\",\"urlTemplate\":\"https:\/\/ninaecrit.com\/?s={search_term_string}\"},\"query-input\":{\"@type\":\"PropertyValueSpecification\",\"valueRequired\":true,\"valueName\":\"search_term_string\"}}],\"inLanguage\":\"fr-FR\"},{\"@type\":[\"Person\",\"Organization\"],\"@id\":\"https:\/\/ninaecrit.com\/#\/schema\/person\/1fb43ea1ae79f37d3f1fb0569ec74f91\",\"name\":\"Nina\",\"image\":{\"@type\":\"ImageObject\",\"inLanguage\":\"fr-FR\",\"@id\":\"https:\/\/ninaecrit.com\/#\/schema\/person\/image\/\",\"url\":\"https:\/\/ninaecrit.com\/wp-content\/uploads\/2025\/04\/logo_NINA_ECRIT.png\",\"contentUrl\":\"https:\/\/ninaecrit.com\/wp-content\/uploads\/2025\/04\/logo_NINA_ECRIT.png\",\"width\":1024,\"height\":1024,\"caption\":\"Nina\"},\"logo\":{\"@id\":\"https:\/\/ninaecrit.com\/#\/schema\/person\/image\/\"},\"description\":\"Je m\u2019appelle Nina F\u00e9ger, et je suis une auteure franco-canadienne. J\u2019ai v\u00e9cu en France, puis au Qu\u00e9bec, et maintenant en Colombie-Britannique avec mon conjoint et ma fille. J\u2019aime partager des histoires qui font r\u00eaver et p\u00e9tiller les neurones ! Je cr\u00e9e des livres pleins de fantaisie, mais aussi pens\u00e9s pour aider les parents d\u2019enfants bilingues et multilingues \u00e0 transmettre leur langue minoritaire de fa\u00e7on amusante. Mon premier livre, Eva \u00e0 deux langues, est l\u00e0 pour \u00e7a : encourager les petits \u00e0 ne pas se conformer et \u00e0 r\u00e9aliser que parler une langue minoritaire est une v\u00e9ritable force. Si tu es l\u00e0, c\u2019est que tu aimes aussi les histoires qui font sourire et r\u00eaver. Bienvenue dans mon univers !\",\"sameAs\":[\"http:\/\/ninaecrit.com\",\"https:\/\/www.facebook.com\/profile.php?id=61576050925082&locale=fr_CA\",\"https:\/\/www.instagram.com\/ninaecrit\/\",\"https:\/\/www.linkedin.com\/in\/nina-feger-34543462\/\",\"https:\/\/www.youtube.com\/@ninaecrit\"]}]}<\/script>\n<!-- \/ Yoast SEO plugin. -->","yoast_head_json":{"title":"Livres - S\u00e9rie: Les Super-Bilingues -","description":"Serie de livres les super-bilingues. livres pour enfants qui celebrent la richesse des langues et la fierte de parler plusieurs langues.","robots":{"index":"index","follow":"follow","max-snippet":"max-snippet:-1","max-image-preview":"max-image-preview:large","max-video-preview":"max-video-preview:-1"},"canonical":"https:\/\/ninaecrit.com\/index.php\/super-bilingues\/","og_locale":"fr_FR","og_type":"article","og_title":"Livres - S\u00e9rie: Les Super-Bilingues -","og_description":"Serie de livres les super-bilingues. livres pour enfants qui celebrent la richesse des langues et la fierte de parler plusieurs langues.","og_url":"https:\/\/ninaecrit.com\/index.php\/super-bilingues\/","article_publisher":"https:\/\/www.facebook.com\/profile.php?id=61576050925082&locale=fr_CA","article_modified_time":"2025-06-16T16:50:04+00:00","og_image":[{"width":1080,"height":1080,"url":"https:\/\/ninaecrit.com\/wp-content\/uploads\/2025\/06\/Eva-a-deux-langues-cover_01.jpg","type":"image\/jpeg"}],"twitter_card":"summary_large_image","twitter_misc":{"Dur\u00e9e de lecture estim\u00e9e":"2 minutes"},"schema":{"@context":"https:\/\/schema.org","@graph":[{"@type":"WebPage","@id":"https:\/\/ninaecrit.com\/index.php\/super-bilingues\/","url":"https:\/\/ninaecrit.com\/index.php\/super-bilingues\/","name":"Livres - S\u00e9rie: Les Super-Bilingues -","isPartOf":{"@id":"https:\/\/ninaecrit.com\/#website"},"primaryImageOfPage":{"@id":"https:\/\/ninaecrit.com\/index.php\/super-bilingues\/#primaryimage"},"image":{"@id":"https:\/\/ninaecrit.com\/index.php\/super-bilingues\/#primaryimage"},"thumbnailUrl":"https:\/\/ninaecrit.com\/wp-content\/uploads\/2025\/06\/Eva-a-deux-langues-cover_01-1024x1024.jpg","datePublished":"2025-03-28T22:17:10+00:00","dateModified":"2025-06-16T16:50:04+00:00","description":"Serie de livres les super-bilingues. livres pour enfants qui celebrent la richesse des langues et la fierte de parler plusieurs langues.","breadcrumb":{"@id":"https:\/\/ninaecrit.com\/index.php\/super-bilingues\/#breadcrumb"},"inLanguage":"fr-FR","potentialAction":[{"@type":"ReadAction","target":["https:\/\/ninaecrit.com\/index.php\/super-bilingues\/"]}]},{"@type":"ImageObject","inLanguage":"fr-FR","@id":"https:\/\/ninaecrit.com\/index.php\/super-bilingues\/#primaryimage","url":"https:\/\/ninaecrit.com\/wp-content\/uploads\/2025\/06\/Eva-a-deux-langues-cover_01.jpg","contentUrl":"https:\/\/ninaecrit.com\/wp-content\/uploads\/2025\/06\/Eva-a-deux-langues-cover_01.jpg","width":1080,"height":1080},{"@type":"BreadcrumbList","@id":"https:\/\/ninaecrit.com\/index.php\/super-bilingues\/#breadcrumb","itemListElement":[{"@type":"ListItem","position":1,"name":"Accueil","item":"https:\/\/ninaecrit.com\/"},{"@type":"ListItem","position":2,"name":"Livres &#8211; S\u00e9rie: Les Super-Bilingues"}]},{"@type":"WebSite","@id":"https:\/\/ninaecrit.com\/#website","url":"https:\/\/ninaecrit.com\/","name":"https:\/\/ninaecrit.com\/","description":"Site officiel de Nina F\u00e9ger","publisher":{"@id":"https:\/\/ninaecrit.com\/#\/schema\/person\/1fb43ea1ae79f37d3f1fb0569ec74f91"},"alternateName":"ninaecrit","potentialAction":[{"@type":"SearchAction","target":{"@type":"EntryPoint","urlTemplate":"https:\/\/ninaecrit.com\/?s={search_term_string}"},"query-input":{"@type":"PropertyValueSpecification","valueRequired":true,"valueName":"search_term_string"}}],"inLanguage":"fr-FR"},{"@type":["Person","Organization"],"@id":"https:\/\/ninaecrit.com\/#\/schema\/person\/1fb43ea1ae79f37d3f1fb0569ec74f91","name":"Nina","image":{"@type":"ImageObject","inLanguage":"fr-FR","@id":"https:\/\/ninaecrit.com\/#\/schema\/person\/image\/","url":"https:\/\/ninaecrit.com\/wp-content\/uploads\/2025\/04\/logo_NINA_ECRIT.png","contentUrl":"https:\/\/ninaecrit.com\/wp-content\/uploads\/2025\/04\/logo_NINA_ECRIT.png","width":1024,"height":1024,"caption":"Nina"},"logo":{"@id":"https:\/\/ninaecrit.com\/#\/schema\/person\/image\/"},"description":"Je m\u2019appelle Nina F\u00e9ger, et je suis une auteure franco-canadienne. J\u2019ai v\u00e9cu en France, puis au Qu\u00e9bec, et maintenant en Colombie-Britannique avec mon conjoint et ma fille. J\u2019aime partager des histoires qui font r\u00eaver et p\u00e9tiller les neurones ! Je cr\u00e9e des livres pleins de fantaisie, mais aussi pens\u00e9s pour aider les parents d\u2019enfants bilingues et multilingues \u00e0 transmettre leur langue minoritaire de fa\u00e7on amusante. Mon premier livre, Eva \u00e0 deux langues, est l\u00e0 pour \u00e7a : encourager les petits \u00e0 ne pas se conformer et \u00e0 r\u00e9aliser que parler une langue minoritaire est une v\u00e9ritable force. Si tu es l\u00e0, c\u2019est que tu aimes aussi les histoires qui font sourire et r\u00eaver. Bienvenue dans mon univers !","sameAs":["http:\/\/ninaecrit.com","https:\/\/www.facebook.com\/profile.php?id=61576050925082&locale=fr_CA","https:\/\/www.instagram.com\/ninaecrit\/","https:\/\/www.linkedin.com\/in\/nina-feger-34543462\/","https:\/\/www.youtube.com\/@ninaecrit"]}]}},"_links":{"self":[{"href":"https:\/\/ninaecrit.com\/index.php\/wp-json\/wp\/v2\/pages\/10","targetHints":{"allow":["GET"]}}],"collection":[{"href":"https:\/\/ninaecrit.com\/index.php\/wp-json\/wp\/v2\/pages"}],"about":[{"href":"https:\/\/ninaecrit.com\/index.php\/wp-json\/wp\/v2\/types\/page"}],"author":[{"embeddable":true,"href":"https:\/\/ninaecrit.com\/index.php\/wp-json\/wp\/v2\/users\/1"}],"replies":[{"embeddable":true,"href":"https:\/\/ninaecrit.com\/index.php\/wp-json\/wp\/v2\/comments?post=10"}],"version-history":[{"count":22,"href":"https:\/\/ninaecrit.com\/index.php\/wp-json\/wp\/v2\/pages\/10\/revisions"}],"predecessor-version":[{"id":231,"href":"https:\/\/ninaecrit.com\/index.php\/wp-json\/wp\/v2\/pages\/10\/revisions\/231"}],"wp:attachment":[{"href":"https:\/\/ninaecrit.com\/index.php\/wp-json\/wp\/v2\/media?parent=10"}],"curies":[{"name":"wp","href":"https:\/\/api.w.org\/{rel}","templated":true}]}}